{"id":1044,"date":"2020-06-12T07:09:21","date_gmt":"2020-06-12T05:09:21","guid":{"rendered":"https:\/\/trgovina.geocacher.si\/?post_type=product&#038;p=1044"},"modified":"2025-12-09T18:57:11","modified_gmt":"2025-12-09T17:57:11","slug":"geocaching-qr-travel-bug","status":"publish","type":"product","link":"https:\/\/trgovina.geocacher.si\/en\/product\/geocaching-qr-travel-bug\/","title":{"rendered":"Geocaching QR Travel Bug\u00ae"},"content":{"rendered":"<p>Travel Bug\u00ae sledljive plo\u0161\u010dice so najbolj prvinski sledljiv\u010dek. \u017de skoraj dve desetletji potujejo od zaklada do zaklada in zbirajo popotne zgodbe. Z leti so se modernizirale. Preprosta aluminijasta plo\u0161\u010dica z vtisnjeno \u0161tevilko je v koraku s \u010dasom pridobila prozorno za\u0161\u010ditno prevleko, barvo in \u0161e QR kodo, ki najditelja usmeri na stran z opisom sledljiv\u010dka. Pa \u0161e risba hro\u0161\u010dka se sveti v temi.<\/p>\n<p>Plo\u0161\u010dica meri 52 \u00d7 30 mm. Prilo\u017eena je veri\u017eica, s katero jo pripnete na potnika, da bosta ostala na poti trdno povezana. Zraven je tudi kopija, \u010de bi se originalni plo\u0161\u010dici &#8211; o, groza &#8211; na poti zgodilo kaj hudega.<\/p>","protected":false},"excerpt":{"rendered":"<p>Travel Bug\u00ae sledljive plo\u0161\u010dice so najbolj prvinski sledljiv\u010dek. Tukaj vam ponujamo moderno in trpe\u017eno razli\u010dico s QR kodo, risba hro\u0161\u010dka pa se zapovrhu \u0161e sveti v temi.<\/p>","protected":false},"featured_media":1045,"template":"","meta":[],"product_brand":[],"product_cat":[66,67,31],"product_tag":[],"class_list":{"0":"post-1044","1":"product","2":"type-product","3":"status-publish","4":"has-post-thumbnail","6":"product_cat-geocaching","7":"product_cat-ploscice-travel-tag","8":"product_cat-sledljivcki","10":"first","11":"instock","12":"shipping-taxable","13":"purchasable","14":"product-type-variable"},"_links":{"self":[{"href":"https:\/\/trgovina.geocacher.si\/en\/wp-json\/wp\/v2\/product\/1044","targetHints":{"allow":["GET"]}}],"collection":[{"href":"https:\/\/trgovina.geocacher.si\/en\/wp-json\/wp\/v2\/product"}],"about":[{"href":"https:\/\/trgovina.geocacher.si\/en\/wp-json\/wp\/v2\/types\/product"}],"wp:featuredmedia":[{"embeddable":true,"href":"https:\/\/trgovina.geocacher.si\/en\/wp-json\/wp\/v2\/media\/1045"}],"wp:attachment":[{"href":"https:\/\/trgovina.geocacher.si\/en\/wp-json\/wp\/v2\/media?parent=1044"}],"wp:term":[{"taxonomy":"product_brand","embeddable":true,"href":"https:\/\/trgovina.geocacher.si\/en\/wp-json\/wp\/v2\/product_brand?post=1044"},{"taxonomy":"product_cat","embeddable":true,"href":"https:\/\/trgovina.geocacher.si\/en\/wp-json\/wp\/v2\/product_cat?post=1044"},{"taxonomy":"product_tag","embeddable":true,"href":"https:\/\/trgovina.geocacher.si\/en\/wp-json\/wp\/v2\/product_tag?post=1044"}],"curies":[{"name":"wp","href":"https:\/\/api.w.org\/{rel}","templated":true}]}}