{"id":1053,"date":"2020-06-12T07:13:01","date_gmt":"2020-06-12T05:13:01","guid":{"rendered":"https:\/\/trgovina.geocacher.si\/?post_type=product&#038;p=1053"},"modified":"2026-03-20T09:35:12","modified_gmt":"2026-03-20T08:35:12","slug":"geocaching-travel-bug","status":"publish","type":"product","link":"https:\/\/trgovina.geocacher.si\/en\/product\/geocaching-travel-bug\/","title":{"rendered":"Geocaching Travel Bug\u00ae"},"content":{"rendered":"<div class=\"product-info-main\">\n<div class=\"product attribute overview\">\n<div>\n<p>Geocaching Travel Bug\u00ae je najbolj prvinski sledljiv\u010dek. Plo\u0161\u010dice te vrste \u017ee skoraj dve desetletji potujejo od zaklada do zaklada in zbirajo popotne zgodbe. Gotovo ste jo \u017ee na\u0161li v kak\u0161nem zakladu, pripeto na potnika. Tudi potovanje Travel Bug\u00ae sledljiv\u010dka lahko spremljate na posebni strani na spleti\u0161\u010du geocaching.com. Nekateri dose\u017eki so impresivni.<\/p>\n<p>Zanesljiva in trpe\u017ena plo\u0161\u010dica meri pribli\u017eno 50 \u00d7 30 mm. Prilo\u017eena je veri\u017eica, s katero jo pripnete na potnika, da bosta ostala na poti trdno povezana. V zavoj\u010dku pa je tudi kopija, ki jo lahko po\u0161ljete v svet, \u010de se izvirnik \u00bbutrudi\u00ab in zaklju\u010di potovanje.<\/p>\n<\/div>\n<\/div>\n<\/div>","protected":false},"excerpt":{"rendered":"<p>Geocaching Travel Bug\u00ae je najbolj prvinski sledljiv\u010dek. Plo\u0161\u010dice te vrste \u017ee skoraj dve desetletji potujejo od zaklada do zaklada in zbirajo popotne zgodbe.<\/p>","protected":false},"featured_media":1054,"template":"","meta":[],"product_brand":[],"product_cat":[66,67,31],"product_tag":[],"class_list":{"0":"post-1053","1":"product","2":"type-product","3":"status-publish","4":"has-post-thumbnail","6":"product_cat-geocaching","7":"product_cat-ploscice-travel-tag","8":"product_cat-sledljivcki","10":"first","11":"instock","12":"shipping-taxable","13":"purchasable","14":"product-type-simple"},"_links":{"self":[{"href":"https:\/\/trgovina.geocacher.si\/en\/wp-json\/wp\/v2\/product\/1053","targetHints":{"allow":["GET"]}}],"collection":[{"href":"https:\/\/trgovina.geocacher.si\/en\/wp-json\/wp\/v2\/product"}],"about":[{"href":"https:\/\/trgovina.geocacher.si\/en\/wp-json\/wp\/v2\/types\/product"}],"wp:featuredmedia":[{"embeddable":true,"href":"https:\/\/trgovina.geocacher.si\/en\/wp-json\/wp\/v2\/media\/1054"}],"wp:attachment":[{"href":"https:\/\/trgovina.geocacher.si\/en\/wp-json\/wp\/v2\/media?parent=1053"}],"wp:term":[{"taxonomy":"product_brand","embeddable":true,"href":"https:\/\/trgovina.geocacher.si\/en\/wp-json\/wp\/v2\/product_brand?post=1053"},{"taxonomy":"product_cat","embeddable":true,"href":"https:\/\/trgovina.geocacher.si\/en\/wp-json\/wp\/v2\/product_cat?post=1053"},{"taxonomy":"product_tag","embeddable":true,"href":"https:\/\/trgovina.geocacher.si\/en\/wp-json\/wp\/v2\/product_tag?post=1053"}],"curies":[{"name":"wp","href":"https:\/\/api.w.org\/{rel}","templated":true}]}}