{"id":1055,"date":"2020-06-12T07:16:37","date_gmt":"2020-06-12T05:16:37","guid":{"rendered":"https:\/\/trgovina.geocacher.si\/?post_type=product&#038;p=1055"},"modified":"2025-12-09T18:08:38","modified_gmt":"2025-12-09T17:08:38","slug":"sledljiva-ploscica-geocaching-logo-stiribarvni","status":"publish","type":"product","link":"https:\/\/trgovina.geocacher.si\/en\/product\/sledljiva-ploscica-geocaching-logo-stiribarvni\/","title":{"rendered":"Geocaching Logo Travel Tag (Four Colour)"},"content":{"rendered":"<p>Pisana razli\u010dica minimalisti\u010dno zasnovane sledljive plo\u0161\u010dica ima le eno temeljno funkcijo: nevpadljivo zagotavljanje sledljivosti od zaklada do zaklada atraktivnemu popotniku. Manj je lahko tudi ve\u010d. Zelo primerna za prvi korak v \u010dudoviti svet sledljiv\u010dkov.<\/p>","protected":false},"excerpt":{"rendered":"<p>Pisana razli\u010dica minimalisti\u010dno zasnovane sledljive plo\u0161\u010dice. Zelo primerna za prvi korak v \u010dudoviti svet sledljiv\u010dkov.<\/p>","protected":false},"featured_media":1056,"template":"","meta":[],"product_brand":[],"product_cat":[66,67,31],"product_tag":[],"class_list":{"0":"post-1055","1":"product","2":"type-product","3":"status-publish","4":"has-post-thumbnail","6":"product_cat-geocaching","7":"product_cat-ploscice-travel-tag","8":"product_cat-sledljivcki","10":"first","11":"instock","12":"shipping-taxable","13":"purchasable","14":"product-type-simple"},"_links":{"self":[{"href":"https:\/\/trgovina.geocacher.si\/en\/wp-json\/wp\/v2\/product\/1055","targetHints":{"allow":["GET"]}}],"collection":[{"href":"https:\/\/trgovina.geocacher.si\/en\/wp-json\/wp\/v2\/product"}],"about":[{"href":"https:\/\/trgovina.geocacher.si\/en\/wp-json\/wp\/v2\/types\/product"}],"wp:featuredmedia":[{"embeddable":true,"href":"https:\/\/trgovina.geocacher.si\/en\/wp-json\/wp\/v2\/media\/1056"}],"wp:attachment":[{"href":"https:\/\/trgovina.geocacher.si\/en\/wp-json\/wp\/v2\/media?parent=1055"}],"wp:term":[{"taxonomy":"product_brand","embeddable":true,"href":"https:\/\/trgovina.geocacher.si\/en\/wp-json\/wp\/v2\/product_brand?post=1055"},{"taxonomy":"product_cat","embeddable":true,"href":"https:\/\/trgovina.geocacher.si\/en\/wp-json\/wp\/v2\/product_cat?post=1055"},{"taxonomy":"product_tag","embeddable":true,"href":"https:\/\/trgovina.geocacher.si\/en\/wp-json\/wp\/v2\/product_tag?post=1055"}],"curies":[{"name":"wp","href":"https:\/\/api.w.org\/{rel}","templated":true}]}}