{"id":1067,"date":"2020-06-12T08:01:29","date_gmt":"2020-06-12T06:01:29","guid":{"rendered":"https:\/\/trgovina.geocacher.si\/?post_type=product&#038;p=1067"},"modified":"2025-11-21T17:18:19","modified_gmt":"2025-11-21T16:18:19","slug":"signal-the-frog","status":"publish","type":"product","link":"https:\/\/trgovina.geocacher.si\/en\/product\/signal-the-frog\/","title":{"rendered":"Signal the Frog\u00ae"},"content":{"rendered":"<p>\u017dabica Signal the Frog\u00ae je maskota na\u0161e najljub\u0161e igre. Z anteno na glavi je edinstvena kombinacija narave in tehnologije, kar seveda velja tudi za Geocaching. V sledljivi izvedbi je lahko tudi svetovni popotnik.<\/p>\n<p>Sledljivi Signal meri pribli\u017eno 5,0 \u00d7 2,5 cm. Obstojnost in lesk na poti od zaklada do zaklada mu zagotavlja epoksi prevleka. Geolovci bodo zabele\u017eili sre\u010danje z njim s sledilno kodo, ki je vgravirana na zadnji strani. Veri\u017eica za sopotnika je prilo\u017eena.<\/p>","protected":false},"excerpt":{"rendered":"<p>\u017dabica Signal the Frog\u00ae je maskota na\u0161e najljub\u0161e igre. Z anteno na glavi je edinstvena kombinacija narave in tehnologije, kar seveda velja tudi za Geocaching. V sledljivi izvedbi je lahko tudi svetovni popotnik.<\/p>","protected":false},"featured_media":4627,"template":"","meta":[],"product_brand":[],"product_cat":[66,67,110,31],"product_tag":[],"class_list":{"0":"post-1067","1":"product","2":"type-product","3":"status-publish","4":"has-post-thumbnail","6":"product_cat-geocaching","7":"product_cat-ploscice-travel-tag","8":"product_cat-signal-the-frog","9":"product_cat-sledljivcki","11":"first","12":"instock","13":"shipping-taxable","14":"purchasable","15":"product-type-simple"},"_links":{"self":[{"href":"https:\/\/trgovina.geocacher.si\/en\/wp-json\/wp\/v2\/product\/1067","targetHints":{"allow":["GET"]}}],"collection":[{"href":"https:\/\/trgovina.geocacher.si\/en\/wp-json\/wp\/v2\/product"}],"about":[{"href":"https:\/\/trgovina.geocacher.si\/en\/wp-json\/wp\/v2\/types\/product"}],"wp:featuredmedia":[{"embeddable":true,"href":"https:\/\/trgovina.geocacher.si\/en\/wp-json\/wp\/v2\/media\/4627"}],"wp:attachment":[{"href":"https:\/\/trgovina.geocacher.si\/en\/wp-json\/wp\/v2\/media?parent=1067"}],"wp:term":[{"taxonomy":"product_brand","embeddable":true,"href":"https:\/\/trgovina.geocacher.si\/en\/wp-json\/wp\/v2\/product_brand?post=1067"},{"taxonomy":"product_cat","embeddable":true,"href":"https:\/\/trgovina.geocacher.si\/en\/wp-json\/wp\/v2\/product_cat?post=1067"},{"taxonomy":"product_tag","embeddable":true,"href":"https:\/\/trgovina.geocacher.si\/en\/wp-json\/wp\/v2\/product_tag?post=1067"}],"curies":[{"name":"wp","href":"https:\/\/api.w.org\/{rel}","templated":true}]}}