{"id":1075,"date":"2020-06-12T11:40:24","date_gmt":"2020-06-12T09:40:24","guid":{"rendered":"https:\/\/trgovina.geocacher.si\/?post_type=product&#038;p=1075"},"modified":"2025-12-02T06:50:22","modified_gmt":"2025-12-02T05:50:22","slug":"ftf-first-to-find-nano-geokovanec","status":"publish","type":"product","link":"https:\/\/trgovina.geocacher.si\/en\/product\/ftf-first-to-find-nano-geokovanec\/","title":{"rendered":"FTF Nano Geocoin"},"content":{"rendered":"<p>FTF (angl. <em>first to find<\/em> oziroma prvi najditelj), ta mra\u010dni predmet po\u017eelenja&#8230; Zaradi te neuradne trofeje je bilo prelitega \u017ee veliko \u010drnila in \u017eol\u010da, pa tudi veliko zlatorumenega napitka v pre\u0161erni dru\u0161\u010dini prvonajditeljev po najdbi. FTF nano geokovan\u010dek je ravno prava nagrada za geolovca oziroma ekipo, ki je prva odkrila va\u0161 zaklad. Ali nagrada samemu sebi v spomin na prvi FTF. Kovan\u010dek meri po\u010dez 1,3 cm, ima pa vse, kar imajo veliki: vgravirano sledilno kodo in lastno stran z opisom na spleti\u0161\u010du <a href=\"https:\/\/www.geocaching.com\/\" target=\"_blank\" rel=\"noopener noreferrer\">geocaching.com<\/a>.<\/p>","protected":false},"excerpt":{"rendered":"<p>Darilo za prvega najditelja va\u0161ega zaklada ali nagrada samemu sebi za prvi FTF? Izbira je va\u0161a. Mal\u010dek meri v premeru pribli\u017eno 1,3 cm, ima pa vse, kar imajo veliki.<\/p>","protected":false},"featured_media":1076,"template":"","meta":[],"product_brand":[],"product_cat":[141,66,32,31],"product_tag":[],"class_list":{"0":"post-1075","1":"product","2":"type-product","3":"status-publish","4":"has-post-thumbnail","6":"product_cat-ftf","7":"product_cat-geocaching","8":"product_cat-geokovanci","9":"product_cat-sledljivcki","11":"first","12":"instock","13":"shipping-taxable","14":"purchasable","15":"product-type-simple"},"_links":{"self":[{"href":"https:\/\/trgovina.geocacher.si\/en\/wp-json\/wp\/v2\/product\/1075","targetHints":{"allow":["GET"]}}],"collection":[{"href":"https:\/\/trgovina.geocacher.si\/en\/wp-json\/wp\/v2\/product"}],"about":[{"href":"https:\/\/trgovina.geocacher.si\/en\/wp-json\/wp\/v2\/types\/product"}],"wp:featuredmedia":[{"embeddable":true,"href":"https:\/\/trgovina.geocacher.si\/en\/wp-json\/wp\/v2\/media\/1076"}],"wp:attachment":[{"href":"https:\/\/trgovina.geocacher.si\/en\/wp-json\/wp\/v2\/media?parent=1075"}],"wp:term":[{"taxonomy":"product_brand","embeddable":true,"href":"https:\/\/trgovina.geocacher.si\/en\/wp-json\/wp\/v2\/product_brand?post=1075"},{"taxonomy":"product_cat","embeddable":true,"href":"https:\/\/trgovina.geocacher.si\/en\/wp-json\/wp\/v2\/product_cat?post=1075"},{"taxonomy":"product_tag","embeddable":true,"href":"https:\/\/trgovina.geocacher.si\/en\/wp-json\/wp\/v2\/product_tag?post=1075"}],"curies":[{"name":"wp","href":"https:\/\/api.w.org\/{rel}","templated":true}]}}