{"id":1079,"date":"2020-06-12T12:30:29","date_gmt":"2020-06-12T10:30:29","guid":{"rendered":"https:\/\/trgovina.geocacher.si\/?post_type=product&#038;p=1079"},"modified":"2025-12-01T10:40:05","modified_gmt":"2025-12-01T09:40:05","slug":"nasitek-s-sledilno-kodo","status":"publish","type":"product","link":"https:\/\/trgovina.geocacher.si\/en\/product\/nasitek-s-sledilno-kodo\/","title":{"rendered":"Trackable Patch"},"content":{"rendered":"<p>Kako spremeniti nahrbtnik ali jakno v sledljiv\u010dek? Ta na\u0161itek, kot pove \u017ee ime, naredi sledljivo vse, na kar ga pri\u0161ijete. In \u010de ne znate \u0161ivati? Tudi za take je poskrbljeno, saj se zadnja stran na\u0161itka oprime tudi Velcro traku (ki ga morate le \u0161e pri\u0161iti na izbrani kos obla\u010dila&#8230; ????).<\/p>\n<p>Na\u0161itek meri pribli\u017eno 7,0 \u00d7 5,7 cm, sledilna koda pa je vgravirana na trdno pritrjeni kovinski plo\u0161\u010dici. \u010ce te\u017eko prebijete led na geolovskem dogodku, je to prava stvar za vas. V hipu boste obkro\u017eeni z geolovci s pametnimi telefoni.<\/p>","protected":false},"excerpt":{"rendered":"<p>Kako spremeniti nahrbtnik ali jakno v sledljiv\u010dek? Ta na\u0161itek, kot pove \u017ee ime, naredi sledljivo vse, na kar ga pri\u0161ijete.<\/p>","protected":false},"featured_media":1080,"template":"","meta":[],"product_brand":[],"product_cat":[66,109,139,31],"product_tag":[],"class_list":{"0":"post-1079","1":"product","2":"type-product","3":"status-publish","4":"has-post-thumbnail","6":"product_cat-geocaching","7":"product_cat-nasitki","8":"product_cat-oprema-nasitki","9":"product_cat-sledljivcki","11":"first","12":"instock","13":"shipping-taxable","14":"purchasable","15":"product-type-simple"},"_links":{"self":[{"href":"https:\/\/trgovina.geocacher.si\/en\/wp-json\/wp\/v2\/product\/1079","targetHints":{"allow":["GET"]}}],"collection":[{"href":"https:\/\/trgovina.geocacher.si\/en\/wp-json\/wp\/v2\/product"}],"about":[{"href":"https:\/\/trgovina.geocacher.si\/en\/wp-json\/wp\/v2\/types\/product"}],"wp:featuredmedia":[{"embeddable":true,"href":"https:\/\/trgovina.geocacher.si\/en\/wp-json\/wp\/v2\/media\/1080"}],"wp:attachment":[{"href":"https:\/\/trgovina.geocacher.si\/en\/wp-json\/wp\/v2\/media?parent=1079"}],"wp:term":[{"taxonomy":"product_brand","embeddable":true,"href":"https:\/\/trgovina.geocacher.si\/en\/wp-json\/wp\/v2\/product_brand?post=1079"},{"taxonomy":"product_cat","embeddable":true,"href":"https:\/\/trgovina.geocacher.si\/en\/wp-json\/wp\/v2\/product_cat?post=1079"},{"taxonomy":"product_tag","embeddable":true,"href":"https:\/\/trgovina.geocacher.si\/en\/wp-json\/wp\/v2\/product_tag?post=1079"}],"curies":[{"name":"wp","href":"https:\/\/api.w.org\/{rel}","templated":true}]}}