{"id":1082,"date":"2020-06-12T13:40:20","date_gmt":"2020-06-12T11:40:20","guid":{"rendered":"https:\/\/trgovina.geocacher.si\/?post_type=product&#038;p=1082"},"modified":"2025-12-02T06:48:47","modified_gmt":"2025-12-02T05:48:47","slug":"staticna-travel-bug-nalepka","status":"publish","type":"product","link":"https:\/\/trgovina.geocacher.si\/en\/product\/staticna-travel-bug-nalepka\/","title":{"rendered":"Stati\u010dna Travel Bug\u00ae nalepka"},"content":{"rendered":"<div class=\"value\">Tudi va\u0161e geo-vozilo lahko postane sledljiv\u010dek. Pod pogojem, da ima zastekljeno kabino. Travel Bug\u00ae nalepko, ki nima lepila, ampak se stekla trdno oprime zaradi stati\u010dne elektrike, namestite z notranje strani. Tam bo varna pred naravnimi elementi in pred dolgimi prsti zavistnih geolovcev. Za razliko od vinjete jo je mogo\u010de preprosto sneti in namestiti na kako drugo mesto (ali vozilo). V vi\u0161ino meri 18 cm, zato jo je te\u017eko spregledati. Na zatemnjenem steklu pa se menda ne vidi najbolje.<\/div>","protected":false},"excerpt":{"rendered":"<div>Tudi va\u0161e geo-vozilo lahko postane sledljiv\u010dek. Pod pogojem, da ima zastekljeno kabino. Travel Bug\u00ae nalepko, ki nima lepila, ampak se stekla trdno oprime zaradi stati\u010dne elektrike, namestite z notranje strani.<\/div>","protected":false},"featured_media":1083,"template":"","meta":[],"product_brand":[],"product_cat":[66,111,31],"product_tag":[],"class_list":{"0":"post-1082","1":"product","2":"type-product","3":"status-publish","4":"has-post-thumbnail","6":"product_cat-geocaching","7":"product_cat-nalepke","8":"product_cat-sledljivcki","10":"first","11":"instock","12":"shipping-taxable","13":"purchasable","14":"product-type-simple"},"_links":{"self":[{"href":"https:\/\/trgovina.geocacher.si\/en\/wp-json\/wp\/v2\/product\/1082","targetHints":{"allow":["GET"]}}],"collection":[{"href":"https:\/\/trgovina.geocacher.si\/en\/wp-json\/wp\/v2\/product"}],"about":[{"href":"https:\/\/trgovina.geocacher.si\/en\/wp-json\/wp\/v2\/types\/product"}],"wp:featuredmedia":[{"embeddable":true,"href":"https:\/\/trgovina.geocacher.si\/en\/wp-json\/wp\/v2\/media\/1083"}],"wp:attachment":[{"href":"https:\/\/trgovina.geocacher.si\/en\/wp-json\/wp\/v2\/media?parent=1082"}],"wp:term":[{"taxonomy":"product_brand","embeddable":true,"href":"https:\/\/trgovina.geocacher.si\/en\/wp-json\/wp\/v2\/product_brand?post=1082"},{"taxonomy":"product_cat","embeddable":true,"href":"https:\/\/trgovina.geocacher.si\/en\/wp-json\/wp\/v2\/product_cat?post=1082"},{"taxonomy":"product_tag","embeddable":true,"href":"https:\/\/trgovina.geocacher.si\/en\/wp-json\/wp\/v2\/product_tag?post=1082"}],"curies":[{"name":"wp","href":"https:\/\/api.w.org\/{rel}","templated":true}]}}