{"id":1099,"date":"2020-06-16T07:18:33","date_gmt":"2020-06-16T05:18:33","guid":{"rendered":"https:\/\/trgovina.geocacher.si\/?post_type=product&#038;p=1099"},"modified":"2026-04-23T16:00:05","modified_gmt":"2026-04-23T14:00:05","slug":"komplet-s-locknlock-360-ml","status":"publish","type":"product","link":"https:\/\/trgovina.geocacher.si\/en\/product\/komplet-s-locknlock-360-ml\/","title":{"rendered":"Komplet S (Lock&#8217;n&#8217;Lock 360 ml)"},"content":{"rendered":"<p>Komplet za postavitev zaklada z Lock&#8217;n&#8217;Lock vsebnikom\u00a0in za\u010detno vsebino. Lock&#8217;n&#8217;Lock posode za shranjevanje hrane so se v geolovski praksi uveljavile kot standard kakovostnega vsebnika. Izdelane so iz trpe\u017enega prozornega polipropilena in odli\u010dno tesnijo tudi pri zelo nizkih temperaturah, kar jim zagotavlja dolgo obstojnost in \u2013 \u010de jih ne odnesejo bunklji \u2013 razmeroma malo vzdr\u017eevanja. V kompletu so:<\/p>\n<ul>\n<li>Lock&#8217;n&#8217;Lock posoda HPL806 (360 ml, 135 \u00d7 102 \u00d7 52 mm)<\/li>\n<li>Vpisni dnevnik (36 strani, 100\u00a0\u00d7 60 mm)<\/li>\n<li>Svin\u010dnik in \u0161il\u010dek<\/li>\n<li>Tiskano Navodilo za najditelja<\/li>\n<\/ul>\n<p>\u010ce ste \u017ee skrbno prebrali <a href=\"https:\/\/www.geocaching.com\/play\/guidelines\" target=\"_blank\" rel=\"noopener noreferrer\">Smernice za postavljanje zakladov<\/a>\u00a0in izbrali lokacijo, dodajte samo \u0161e nekaj predmetov za menjavo in odnesite v skrivali\u0161\u010de.<\/p>","protected":false},"excerpt":{"rendered":"<p>Komplet za postavitev zaklada z Lock&#8217;n&#8217;Lock vsebnikom in za\u010detno vsebino. \u010ce ste \u017ee izbrali lokacijo, dodajte samo \u0161e nekaj predmetov za menjavo in odnesite v skrivali\u0161\u010de.<\/p>","protected":false},"featured_media":1107,"template":"","meta":[],"product_brand":[],"product_cat":[115,114],"product_tag":[],"class_list":{"0":"post-1099","1":"product","2":"type-product","3":"status-publish","4":"has-post-thumbnail","6":"product_cat-kompleti","7":"product_cat-postavljanje-zakladov","9":"first","10":"instock","11":"shipping-taxable","12":"purchasable","13":"product-type-simple"},"_links":{"self":[{"href":"https:\/\/trgovina.geocacher.si\/en\/wp-json\/wp\/v2\/product\/1099","targetHints":{"allow":["GET"]}}],"collection":[{"href":"https:\/\/trgovina.geocacher.si\/en\/wp-json\/wp\/v2\/product"}],"about":[{"href":"https:\/\/trgovina.geocacher.si\/en\/wp-json\/wp\/v2\/types\/product"}],"wp:featuredmedia":[{"embeddable":true,"href":"https:\/\/trgovina.geocacher.si\/en\/wp-json\/wp\/v2\/media\/1107"}],"wp:attachment":[{"href":"https:\/\/trgovina.geocacher.si\/en\/wp-json\/wp\/v2\/media?parent=1099"}],"wp:term":[{"taxonomy":"product_brand","embeddable":true,"href":"https:\/\/trgovina.geocacher.si\/en\/wp-json\/wp\/v2\/product_brand?post=1099"},{"taxonomy":"product_cat","embeddable":true,"href":"https:\/\/trgovina.geocacher.si\/en\/wp-json\/wp\/v2\/product_cat?post=1099"},{"taxonomy":"product_tag","embeddable":true,"href":"https:\/\/trgovina.geocacher.si\/en\/wp-json\/wp\/v2\/product_tag?post=1099"}],"curies":[{"name":"wp","href":"https:\/\/api.w.org\/{rel}","templated":true}]}}