{"id":1100,"date":"2020-06-16T07:34:05","date_gmt":"2020-06-16T05:34:05","guid":{"rendered":"https:\/\/trgovina.geocacher.si\/?post_type=product&#038;p=1100"},"modified":"2026-04-14T07:59:25","modified_gmt":"2026-04-14T05:59:25","slug":"komplet-petling","status":"publish","type":"product","link":"https:\/\/trgovina.geocacher.si\/en\/product\/komplet-petling\/","title":{"rendered":"Komplet mikro (petling)"},"content":{"rendered":"<p>Komplet za postavitev zaklada s \u00bbpetling\u00ab vsebnikom\u00a0in za\u010detno vsebino. Vsebniki petling, ki so predstopnja izdelave plastenk, so se v geolovski praksi uveljavili kot standard kakovostnega vsebnika velikosti mikro. Izdelane so iz trpe\u017enega prozornega ali barvnega polietilena in odli\u010dno tesnijo. Na terenu jih odlikuje dolga obstojnost in \u2013 \u010de jih ne odnesejo bunklji \u2013 razmeroma malo vzdr\u017eevanja. V kompletu so:<\/p>\n<ul>\n<li>vsebnik petling (13 cm, prozoren ali zelen)<\/li>\n<li>navojni pokrov\u010dek zelene ali bele barve z varnostnim (FTF) obro\u010dkom<\/li>\n<li>vpisni dnevnik<\/li>\n<\/ul>\n<p>\u010ce ste \u017ee skrbno prebrali <a href=\"https:\/\/www.geocaching.com\/play\/guidelines\" target=\"_blank\" rel=\"noopener noreferrer\">Smernice za postavljanje zakladov<\/a>\u00a0in izbrali lokacijo, komplet samo \u0161e ustrezno ozna\u010dite in kar takoj odnesite v skrivali\u0161\u010de.<\/p>\n<p>Pri <strong>naro\u010dilu 5 ali ve\u010d kosov<\/strong> je cena 1 EUR za kos (uporabite <strong>kodo za popust PETLING5+<\/strong>).<\/p>","protected":false},"excerpt":{"rendered":"<p>Komplet za postavitev zaklada s petling vsebnikom (13 cm, prozoren) in dnevnikom. \u010ce ste \u017ee izbrali lokacijo, komplet samo \u0161e ustrezno ozna\u010dite in kar takoj odnesite v skrivali\u0161\u010de. Pri <strong>naro\u010dilu 5 ali ve\u010d kosov<\/strong> je cena 1 EUR za kos (uporabite <strong>kodo za popust PETLING5+<\/strong>).<\/p>","protected":false},"featured_media":4032,"template":"","meta":[],"product_brand":[],"product_cat":[115,114],"product_tag":[],"class_list":{"0":"post-1100","1":"product","2":"type-product","3":"status-publish","4":"has-post-thumbnail","6":"product_cat-kompleti","7":"product_cat-postavljanje-zakladov","9":"first","10":"instock","11":"shipping-taxable","12":"purchasable","13":"product-type-simple"},"_links":{"self":[{"href":"https:\/\/trgovina.geocacher.si\/en\/wp-json\/wp\/v2\/product\/1100","targetHints":{"allow":["GET"]}}],"collection":[{"href":"https:\/\/trgovina.geocacher.si\/en\/wp-json\/wp\/v2\/product"}],"about":[{"href":"https:\/\/trgovina.geocacher.si\/en\/wp-json\/wp\/v2\/types\/product"}],"wp:featuredmedia":[{"embeddable":true,"href":"https:\/\/trgovina.geocacher.si\/en\/wp-json\/wp\/v2\/media\/4032"}],"wp:attachment":[{"href":"https:\/\/trgovina.geocacher.si\/en\/wp-json\/wp\/v2\/media?parent=1100"}],"wp:term":[{"taxonomy":"product_brand","embeddable":true,"href":"https:\/\/trgovina.geocacher.si\/en\/wp-json\/wp\/v2\/product_brand?post=1100"},{"taxonomy":"product_cat","embeddable":true,"href":"https:\/\/trgovina.geocacher.si\/en\/wp-json\/wp\/v2\/product_cat?post=1100"},{"taxonomy":"product_tag","embeddable":true,"href":"https:\/\/trgovina.geocacher.si\/en\/wp-json\/wp\/v2\/product_tag?post=1100"}],"curies":[{"name":"wp","href":"https:\/\/api.w.org\/{rel}","templated":true}]}}