{"id":1101,"date":"2020-06-16T07:45:57","date_gmt":"2020-06-16T05:45:57","guid":{"rendered":"https:\/\/trgovina.geocacher.si\/?post_type=product&#038;p=1101"},"modified":"2025-12-02T06:47:52","modified_gmt":"2025-12-02T05:47:52","slug":"komplet-nano","status":"publish","type":"product","link":"https:\/\/trgovina.geocacher.si\/en\/product\/komplet-nano\/","title":{"rendered":"Komplet nano"},"content":{"rendered":"<p>Nano zakladi. Eni jih ljubijo, drugi sovra\u017eijo. \u010ce je ljubezen \u0161e tako velika, je na resni preizku\u0161nji, ko je treba spet zviti vpisni listek. V kompletu sta:<\/p>\n<ul>\n<li style=\"list-style-type: none;\">\n<ul>\n<li>Manga Nano vsebnik z Geocaching logotipom<\/li>\n<li>Vpisni listek<\/li>\n<\/ul>\n<\/li>\n<\/ul>\n<p>\u010ce ste \u017ee skrbno prebrali <a href=\"https:\/\/www.geocaching.com\/play\/guidelines\" target=\"_blank\" rel=\"noopener noreferrer\">Smernice za postavljanje zakladov<\/a>\u00a0in izbrali lokacijo, komplet samo \u0161e ustrezno ozna\u010dite in kar takoj odnesite v skrivali\u0161\u010de (vendar, prosimo, ne v gozd).<\/p>","protected":false},"excerpt":{"rendered":"<p>Komplet za postavitev zaklada z nano vsebnikom in vpisnim listi\u010dem. \u010ce ste \u017ee izbrali lokacijo, komplet samo \u0161e ustrezno ozna\u010dite in kar takoj odnesite v skrivali\u0161\u010de.<\/p>","protected":false},"featured_media":1103,"template":"","meta":[],"product_brand":[],"product_cat":[115,114],"product_tag":[],"class_list":{"0":"post-1101","1":"product","2":"type-product","3":"status-publish","4":"has-post-thumbnail","6":"product_cat-kompleti","7":"product_cat-postavljanje-zakladov","9":"first","10":"instock","11":"shipping-taxable","12":"purchasable","13":"product-type-variable"},"_links":{"self":[{"href":"https:\/\/trgovina.geocacher.si\/en\/wp-json\/wp\/v2\/product\/1101","targetHints":{"allow":["GET"]}}],"collection":[{"href":"https:\/\/trgovina.geocacher.si\/en\/wp-json\/wp\/v2\/product"}],"about":[{"href":"https:\/\/trgovina.geocacher.si\/en\/wp-json\/wp\/v2\/types\/product"}],"wp:featuredmedia":[{"embeddable":true,"href":"https:\/\/trgovina.geocacher.si\/en\/wp-json\/wp\/v2\/media\/1103"}],"wp:attachment":[{"href":"https:\/\/trgovina.geocacher.si\/en\/wp-json\/wp\/v2\/media?parent=1101"}],"wp:term":[{"taxonomy":"product_brand","embeddable":true,"href":"https:\/\/trgovina.geocacher.si\/en\/wp-json\/wp\/v2\/product_brand?post=1101"},{"taxonomy":"product_cat","embeddable":true,"href":"https:\/\/trgovina.geocacher.si\/en\/wp-json\/wp\/v2\/product_cat?post=1101"},{"taxonomy":"product_tag","embeddable":true,"href":"https:\/\/trgovina.geocacher.si\/en\/wp-json\/wp\/v2\/product_tag?post=1101"}],"curies":[{"name":"wp","href":"https:\/\/api.w.org\/{rel}","templated":true}]}}