{"id":1202,"date":"2025-09-28T08:14:31","date_gmt":"2025-09-28T06:14:31","guid":{"rendered":"https:\/\/trgovina.geocacher.si\/?post_type=product&#038;p=1202"},"modified":"2026-03-03T21:57:51","modified_gmt":"2026-03-03T20:57:51","slug":"geokovanec-in-ploscica-365-dni","status":"publish","type":"product","link":"https:\/\/trgovina.geocacher.si\/en\/product\/geokovanec-in-ploscica-365-dni\/","title":{"rendered":"Challenges Geocoin and Tag Set - 365 Days of Geocaching"},"content":{"rendered":"<p>Geolov so dogodiv\u0161\u010dine, raziskovanje in dru\u017eabni dogodki. Pa seveda tudi statistika. Skoraj vsak, ki ga igra pritegne do kaj ve\u010d kot nekaj deset najdb, se za\u010dne primerjati. Najprej sam s sabo, nato tudi z drugimi. Tekmovalnost sicer ni bistvo igre, a kaj, ko je (po besedah enega najhuj\u0161ih) \u00bbpogled na \u0161tevilke tako lep\u00ab. Pogled pa je lep tudi na geokovanec, s katerim se lahko nagradite za geolovski statisti\u010dni dose\u017eek.<\/p>\n<p>Najdba zaklada na vsak dan v letu je poseben dose\u017eek. Petek ali svetek, na\u0161li ste vsaj eno skrito \u0161katlico. \u010ce pa vam je to uspelo tako, da ste na\u0161li vsaj en zaklad 365 zaporednih dni, ste lahko na dose\u017eek \u0161e posebej ponosni. Z geokovancem lahko proslavite dan, ko vam je uspelo zapolniti tabelo vseh vseh 365 dni v letu, ali dan, ko vas je po letu dni sre\u010dala pamet in ste nehali nabirati zaporedne dneve najdb.\u00a0V <strong>kompletu s kovancem je tudi sledljiva plo\u0161\u010dica<\/strong>, ki jo lahko po\u0161ljete na pot po svetu v \u010dast svojega dose\u017eka. Kovanec pa ohranite v zbirki in ponosno poka\u017eete na geolovskem dogodku.<\/p>\n<ul>\n<li>premer masivnega kovanca (80 g) kovanca je 55 mm.<\/li>\n<li>prosojno osrednje barvno polje razkriva vgraviran motiv.<\/li>\n<li>premer sledljive plo\u0161\u010dice s prilo\u017eeno veri\u017eico je 40 mm.<\/li>\n<li>na zadnji strani je polje, na katerega je mogo\u010de vgravirati napis.<\/li>\n<li>kovanec in plo\u0161\u010dica imata razli\u010dni sledilni kodi in sta dva razli\u010dna sledljiv\u010dka z isto ikono. Vpisi v dnevnik kovanca v zbirki so tako lo\u010deni od vpisov v dnevnik plo\u0161\u010dice, ki potuje po svetu.<\/li>\n<\/ul>","protected":false},"excerpt":{"rendered":"<p>Masiven geokovanec, s katerim se lahko nagradite za najdbo zaklada na vsak dan v letu. Zaslu\u017eili ste si ga \u0161e toliko bolj, \u010de ste na\u0161li vsaj en zaklad 365 zaporednih dni. V kompletu je tudi sledljiva plo\u0161\u010dica s samostojno sledilno kodo, ki jo lahko po\u0161ljete po svetu v \u010dast tega dose\u017eka. Kovanec je na voljo<strong>\u00a0Available in preorder<\/strong>.<strong> Naro\u010dite ga \u010dim prej, dobavimo ga v drugi polovici marca.<\/strong><\/p>","protected":false},"featured_media":1203,"template":"","meta":[],"product_brand":[],"product_cat":[32,117,142,31],"product_tag":[],"class_list":{"0":"post-1202","1":"product","2":"type-product","3":"status-publish","4":"has-post-thumbnail","6":"product_cat-geokovanci","7":"product_cat-izzivi-in-dosezki","8":"product_cat-prednarocilo","9":"product_cat-sledljivcki","11":"first","12":"outofstock","13":"shipping-taxable","14":"purchasable","15":"product-type-simple"},"_links":{"self":[{"href":"https:\/\/trgovina.geocacher.si\/en\/wp-json\/wp\/v2\/product\/1202","targetHints":{"allow":["GET"]}}],"collection":[{"href":"https:\/\/trgovina.geocacher.si\/en\/wp-json\/wp\/v2\/product"}],"about":[{"href":"https:\/\/trgovina.geocacher.si\/en\/wp-json\/wp\/v2\/types\/product"}],"wp:featuredmedia":[{"embeddable":true,"href":"https:\/\/trgovina.geocacher.si\/en\/wp-json\/wp\/v2\/media\/1203"}],"wp:attachment":[{"href":"https:\/\/trgovina.geocacher.si\/en\/wp-json\/wp\/v2\/media?parent=1202"}],"wp:term":[{"taxonomy":"product_brand","embeddable":true,"href":"https:\/\/trgovina.geocacher.si\/en\/wp-json\/wp\/v2\/product_brand?post=1202"},{"taxonomy":"product_cat","embeddable":true,"href":"https:\/\/trgovina.geocacher.si\/en\/wp-json\/wp\/v2\/product_cat?post=1202"},{"taxonomy":"product_tag","embeddable":true,"href":"https:\/\/trgovina.geocacher.si\/en\/wp-json\/wp\/v2\/product_tag?post=1202"}],"curies":[{"name":"wp","href":"https:\/\/api.w.org\/{rel}","templated":true}]}}