{"id":1211,"date":"2025-09-28T08:14:31","date_gmt":"2025-09-28T06:14:31","guid":{"rendered":"https:\/\/trgovina.geocacher.si\/?post_type=product&#038;p=1211"},"modified":"2026-03-03T21:57:51","modified_gmt":"2026-03-03T20:57:51","slug":"geokovanec-in-ploscica-geolovski-mejnik","status":"publish","type":"product","link":"https:\/\/trgovina.geocacher.si\/en\/product\/geokovanec-in-ploscica-geolovski-mejnik\/","title":{"rendered":"Milestone Geocoin and Tag Set"},"content":{"rendered":"<p>Geolov so dogodiv\u0161\u010dine, raziskovanje in dru\u017eabni dogodki. Pa seveda tudi statistika. Skoraj vsak, ki ga igra pritegne do kaj ve\u010d kot nekaj deset najdb, se za\u010dne primerjati. Najprej sam s sabo, nato tudi z drugimi. Tekmovalnost sicer ni bistvo igre, a kaj, ko je (po besedah enega najhuj\u0161ih) \u00bbpogled na \u0161tevilke tako lep\u00ab. Pogled pa je lep tudi na geokovanec, s katerim se lahko nagradite za geolovski statisti\u010dni dose\u017eek.<\/p>\n<p>Okroglo \u0161tevilo najdb je temeljni geolovski mejnik. Se \u0161e spomnite <strong>vznemirjenja<\/strong>, ko ste prvi\u010d dosegli <strong>trimestno<\/strong>, <strong>\u0161tirimestno<\/strong> ali, v primeru slabe deseterice slovenskih ekip, <strong>petmestno<\/strong> \u0161tevilo? Kako ste skrbno izbirali zaklad, ki bo va\u0161a stota, tiso\u010da, tri- ali pettiso\u010da najdba? Ta geolovski mejnik lahko obele\u017eite s spominskim geokovancem, ki ga je mogo\u010de personalizirati z vgraviranim napisom. V <strong>kompletu s kovancem je tudi sledljiva plo\u0161\u010dica<\/strong>, ki jo lahko po\u0161ljete na pot po svetu v \u010dast svojega dose\u017eka. Kovanec pa ohranite v zbirki in ga ponosno poka\u017eete na geolovskem dogodku.<\/p>\n<ul>\n<li>premer masivnega kovanca (80 g) kovanca je 55 mm.<\/li>\n<li>prosojno osrednje barvno polje razkriva vgraviran motiv.<\/li>\n<li>premer sledljive plo\u0161\u010dice s prilo\u017eeno veri\u017eico je 40 mm.<\/li>\n<li>na zadnji strani kovanca je polje, na katerega je mogo\u010de vgravirati napis.<\/li>\n<li>kovanec in plo\u0161\u010dica imata razli\u010dni sledilni kodi in sta dva razli\u010dna sledljiv\u010dka z isto ikono. Vpisi v dnevnik kovanca v zbirki so tako lo\u010deni od vpisov v dnevnik plo\u0161\u010dice, ki potuje po svetu.<\/li>\n<\/ul>","protected":false},"excerpt":{"rendered":"<p>Okroglo \u0161tevilo najdb je temeljni geolovski mejnik. Obele\u017eite ga lahko z masivnim spominskim geokovancem. V kompletu je tudi sledljiva plo\u0161\u010dica s samostojno sledilno kodo, ki jo lahko po\u0161ljete po svetu v \u010dast tega dose\u017eka. Kovanec je na voljo<strong>\u00a0Available in preorder<\/strong>. <strong>Naro\u010dite do najkasneje 25. oktobra 2025. Naro\u010dite do najkasneje 9. decembra 2025. Naro\u010dite ga \u010dim prej, dobavimo ga v drugi polovici marca.<\/strong><\/p>","protected":false},"featured_media":1233,"template":"","meta":[],"product_brand":[],"product_cat":[32,117,142,31],"product_tag":[],"class_list":{"0":"post-1211","1":"product","2":"type-product","3":"status-publish","4":"has-post-thumbnail","6":"product_cat-geokovanci","7":"product_cat-izzivi-in-dosezki","8":"product_cat-prednarocilo","9":"product_cat-sledljivcki","11":"first","12":"outofstock","13":"shipping-taxable","14":"purchasable","15":"product-type-variable"},"_links":{"self":[{"href":"https:\/\/trgovina.geocacher.si\/en\/wp-json\/wp\/v2\/product\/1211","targetHints":{"allow":["GET"]}}],"collection":[{"href":"https:\/\/trgovina.geocacher.si\/en\/wp-json\/wp\/v2\/product"}],"about":[{"href":"https:\/\/trgovina.geocacher.si\/en\/wp-json\/wp\/v2\/types\/product"}],"wp:featuredmedia":[{"embeddable":true,"href":"https:\/\/trgovina.geocacher.si\/en\/wp-json\/wp\/v2\/media\/1233"}],"wp:attachment":[{"href":"https:\/\/trgovina.geocacher.si\/en\/wp-json\/wp\/v2\/media?parent=1211"}],"wp:term":[{"taxonomy":"product_brand","embeddable":true,"href":"https:\/\/trgovina.geocacher.si\/en\/wp-json\/wp\/v2\/product_brand?post=1211"},{"taxonomy":"product_cat","embeddable":true,"href":"https:\/\/trgovina.geocacher.si\/en\/wp-json\/wp\/v2\/product_cat?post=1211"},{"taxonomy":"product_tag","embeddable":true,"href":"https:\/\/trgovina.geocacher.si\/en\/wp-json\/wp\/v2\/product_tag?post=1211"}],"curies":[{"name":"wp","href":"https:\/\/api.w.org\/{rel}","templated":true}]}}