{"id":1331,"date":"2022-03-24T07:18:08","date_gmt":"2022-03-24T06:18:08","guid":{"rendered":"https:\/\/trgovina.geocacher.si\/?post_type=product&#038;p=1331"},"modified":"2026-04-25T19:56:41","modified_gmt":"2026-04-25T17:56:41","slug":"geoljubljana-2022-sledljiva-ploscica","status":"publish","type":"product","link":"https:\/\/trgovina.geocacher.si\/en\/product\/geoljubljana-2022-sledljiva-ploscica\/","title":{"rendered":"geoLjubljana 2022 Trackable Tag"},"content":{"rendered":"<p>Zmaj\u010dek Tradi je bil va\u0161 gostitelj na dogodku <a href=\"https:\/\/geoljubljana2022.geocacher.si\" target=\"_blank\" rel=\"noopener\">geoLjubljana 2022<\/a> and the mascot of the first geocaching Mega-Event in Slovenia. It is featured on this official travel tag, produced exclusively for the event in limited edition. You could keep it as a trackable souvenir from the event or send it to travel around the world. Or get two...<\/p>\n<p>Velikost plo\u0161\u010dice je 4,5 \u00d7 4,5 cm. Seveda je razumljivo, da je sledljiva na geocaching.com. Veri\u017eica za potnika je prilo\u017eena.<\/p>","protected":false},"excerpt":{"rendered":"<p>Official trackable tag of the geoLjubljana 2022 Mega-Event, featuring Tradi the Dragon. Buyers located outside Slovenia: collect your order at an event in Slovenia or get a flat shipment rate of 3.5 EUR with the purchase of 2 tags or more.<\/p>","protected":false},"featured_media":3190,"template":"","meta":[],"product_brand":[],"product_cat":[201,242,67,207],"product_tag":[],"class_list":{"0":"post-1331","1":"product","2":"type-product","3":"status-publish","4":"has-post-thumbnail","6":"product_cat-geoljubljana2022","7":"product_cat-kamnik2025","8":"product_cat-ploscice-travel-tag","9":"product_cat-slovenski-geolovski-spominki","11":"first","12":"instock","13":"shipping-taxable","14":"purchasable","15":"product-type-simple"},"_links":{"self":[{"href":"https:\/\/trgovina.geocacher.si\/en\/wp-json\/wp\/v2\/product\/1331","targetHints":{"allow":["GET"]}}],"collection":[{"href":"https:\/\/trgovina.geocacher.si\/en\/wp-json\/wp\/v2\/product"}],"about":[{"href":"https:\/\/trgovina.geocacher.si\/en\/wp-json\/wp\/v2\/types\/product"}],"wp:featuredmedia":[{"embeddable":true,"href":"https:\/\/trgovina.geocacher.si\/en\/wp-json\/wp\/v2\/media\/3190"}],"wp:attachment":[{"href":"https:\/\/trgovina.geocacher.si\/en\/wp-json\/wp\/v2\/media?parent=1331"}],"wp:term":[{"taxonomy":"product_brand","embeddable":true,"href":"https:\/\/trgovina.geocacher.si\/en\/wp-json\/wp\/v2\/product_brand?post=1331"},{"taxonomy":"product_cat","embeddable":true,"href":"https:\/\/trgovina.geocacher.si\/en\/wp-json\/wp\/v2\/product_cat?post=1331"},{"taxonomy":"product_tag","embeddable":true,"href":"https:\/\/trgovina.geocacher.si\/en\/wp-json\/wp\/v2\/product_tag?post=1331"}],"curies":[{"name":"wp","href":"https:\/\/api.w.org\/{rel}","templated":true}]}}