{"id":1469,"date":"2020-11-15T12:14:52","date_gmt":"2020-11-15T11:14:52","guid":{"rendered":"https:\/\/trgovina.geocacher.si\/?post_type=product&#038;p=1469"},"modified":"2024-12-17T08:40:39","modified_gmt":"2024-12-17T07:40:39","slug":"bozicna-sledljiva-kumarica","status":"publish","type":"product","link":"https:\/\/trgovina.geocacher.si\/en\/product\/bozicna-sledljiva-kumarica\/","title":{"rendered":"Bo\u017ei\u010dna (sledljiva) kumarica"},"content":{"rendered":"<p>Bo\u017ei\u010dna kisla kumarica je manj znana <a href=\"https:\/\/en.wikipedia.org\/wiki\/Christmas_pickle\" target=\"_blank\" rel=\"noopener noreferrer\">ameri\u0161ka bo\u017ei\u010dna tradicija<\/a>, ki bi po motivu sode\u010d utegnila izvirati iz Nem\u010dije (strokovnjaki to ostro zanikajo). Legenda pravi, da bo tistega, ki v bo\u017ei\u010dnem jutru prvi zagleda kumarico na drevescu, v naslednjem letu \u0161e posebej spremljala sre\u010da. Va\u0161a prva misel je bila najbr\u017e, ali je res treba uvoziti vsako ameri\u0161ko traparijo. Potem pa ste gotovo za\u010dutili nezadr\u017eno \u017eeljo po tem, da bi to re\u010d tudi sami prijeli v roke. In jo, ko opravi svoje delo na va\u0161em drevescu, poslali v svet sejat sre\u010do \u0161e drugim.<\/p>\n<p>Bo\u017ei\u010dna kumarica je standardne velikosti za sledljivo plo\u0161\u010dico. Obstojnost in lesk na poti od zaklada do zaklada ji zagotavlja epoksi prevleka. Geolovci bodo zabele\u017eili sre\u010danje z njo s sledilno kodo, ki je vgravirana na zadnji strani. Veri\u017eica za sopotnika je prilo\u017eena.<\/p>","protected":false},"excerpt":{"rendered":"<p>Priznajte: tako trapast sledljiv\u010dek, da ste za\u010dutili nezadr\u017eno \u017eeljo, da bi ga imeli na svojem bo\u017ei\u010dnem drevescu.<\/p>","protected":false},"featured_media":1463,"template":"","meta":[],"product_brand":[],"product_cat":[145,66,67,31,162],"product_tag":[],"class_list":{"0":"post-1469","1":"product","2":"type-product","3":"status-publish","4":"has-post-thumbnail","6":"product_cat-geobozicek2025","7":"product_cat-geocaching","8":"product_cat-ploscice-travel-tag","9":"product_cat-sledljivcki","10":"product_cat-zadnjikosi","12":"first","13":"outofstock","14":"shipping-taxable","15":"purchasable","16":"product-type-simple"},"_links":{"self":[{"href":"https:\/\/trgovina.geocacher.si\/en\/wp-json\/wp\/v2\/product\/1469","targetHints":{"allow":["GET"]}}],"collection":[{"href":"https:\/\/trgovina.geocacher.si\/en\/wp-json\/wp\/v2\/product"}],"about":[{"href":"https:\/\/trgovina.geocacher.si\/en\/wp-json\/wp\/v2\/types\/product"}],"wp:featuredmedia":[{"embeddable":true,"href":"https:\/\/trgovina.geocacher.si\/en\/wp-json\/wp\/v2\/media\/1463"}],"wp:attachment":[{"href":"https:\/\/trgovina.geocacher.si\/en\/wp-json\/wp\/v2\/media?parent=1469"}],"wp:term":[{"taxonomy":"product_brand","embeddable":true,"href":"https:\/\/trgovina.geocacher.si\/en\/wp-json\/wp\/v2\/product_brand?post=1469"},{"taxonomy":"product_cat","embeddable":true,"href":"https:\/\/trgovina.geocacher.si\/en\/wp-json\/wp\/v2\/product_cat?post=1469"},{"taxonomy":"product_tag","embeddable":true,"href":"https:\/\/trgovina.geocacher.si\/en\/wp-json\/wp\/v2\/product_tag?post=1469"}],"curies":[{"name":"wp","href":"https:\/\/api.w.org\/{rel}","templated":true}]}}