{"id":1470,"date":"2020-11-15T13:17:45","date_gmt":"2020-11-15T12:17:45","guid":{"rendered":"https:\/\/trgovina.geocacher.si\/?post_type=product&#038;p=1470"},"modified":"2024-06-14T09:29:47","modified_gmt":"2024-06-14T07:29:47","slug":"sgk-keramicna-skodelica","status":"publish","type":"product","link":"https:\/\/trgovina.geocacher.si\/en\/product\/sgk-keramicna-skodelica\/","title":{"rendered":"Slovenian Geocaching Club Mug"},"content":{"rendered":"<p>Kon\u010dno! Do\u010dakali smo skodelico, iz katere bosta geokava ali geo\u010daj \u0161e posebej pogrela. Poro\u010dila s terena nakazujejo, da to utegne veljati vsaj \u0161e za geokakav. V kerami\u010dno skodelico bo \u0161lo skoraj 300 ml napitka, logotip Slovenskega Geocaching kluba pa bo viden ne glede na to ali je pivec levi\u010dar ali desni\u010dar (ker smo ga natisnili na obe strani skodelice). Izbirate lahko med \u0161tirimi barvami notranjosti. Premer skodelice je 9 cm, vi\u0161ina pa pribli\u017eno 8,6 cm. <strong>Na voljo je le \u0161e nekaj kosov.<\/strong><\/p>","protected":false},"excerpt":{"rendered":"<p>Kerami\u010dna skodelica z logotipom Slovenskega Geocaching kluba iz katere bosta geokava ali geo\u010daj \u0161e posebej pogrela. \u0160tiri barve, 300 ml. <strong>Na voljo le \u0161e nekaj kosov. <\/strong>Fotografija je simboli\u010dna. Skodelico dostavimo brez napitka in prilog.<\/p>","protected":false},"featured_media":1682,"template":"","meta":[],"product_brand":[],"product_cat":[144,145,207],"product_tag":[],"class_list":{"0":"post-1470","1":"product","2":"type-product","3":"status-publish","4":"has-post-thumbnail","6":"product_cat-darila","7":"product_cat-geobozicek2025","8":"product_cat-slovenski-geolovski-spominki","10":"first","11":"outofstock","12":"shipping-taxable","13":"product-type-variable"},"_links":{"self":[{"href":"https:\/\/trgovina.geocacher.si\/en\/wp-json\/wp\/v2\/product\/1470","targetHints":{"allow":["GET"]}}],"collection":[{"href":"https:\/\/trgovina.geocacher.si\/en\/wp-json\/wp\/v2\/product"}],"about":[{"href":"https:\/\/trgovina.geocacher.si\/en\/wp-json\/wp\/v2\/types\/product"}],"wp:featuredmedia":[{"embeddable":true,"href":"https:\/\/trgovina.geocacher.si\/en\/wp-json\/wp\/v2\/media\/1682"}],"wp:attachment":[{"href":"https:\/\/trgovina.geocacher.si\/en\/wp-json\/wp\/v2\/media?parent=1470"}],"wp:term":[{"taxonomy":"product_brand","embeddable":true,"href":"https:\/\/trgovina.geocacher.si\/en\/wp-json\/wp\/v2\/product_brand?post=1470"},{"taxonomy":"product_cat","embeddable":true,"href":"https:\/\/trgovina.geocacher.si\/en\/wp-json\/wp\/v2\/product_cat?post=1470"},{"taxonomy":"product_tag","embeddable":true,"href":"https:\/\/trgovina.geocacher.si\/en\/wp-json\/wp\/v2\/product_tag?post=1470"}],"curies":[{"name":"wp","href":"https:\/\/api.w.org\/{rel}","templated":true}]}}