{"id":1557,"date":"2020-11-24T09:06:09","date_gmt":"2020-11-24T08:06:09","guid":{"rendered":"https:\/\/trgovina.geocacher.si\/?post_type=product&#038;p=1557"},"modified":"2026-01-08T20:52:13","modified_gmt":"2026-01-08T19:52:13","slug":"magneti-10-x-2-mm","status":"publish","type":"product","link":"https:\/\/trgovina.geocacher.si\/en\/product\/magneti-10-x-2-mm\/","title":{"rendered":"Magneti (10 x 2 mm)"},"content":{"rendered":"<p>Magneti so nepogre\u0161ljiv geolovski pripomo\u010dek pri skrivanju zakladov. Kako bi sicer preprosto pritrdili vsebnik na kandelaber, za \u017eleb ali v odbojno ograjo? Ali v kako drugo manj standardno, a vseeno kovinsko skrivali\u0161\u010de? Z dobrim in mo\u010dnim magnetom bo vsebnik trdno na svojem mestu, spanec lastnika zaklada pa brezskrben.<\/p>\n<p>V kompletu so \u0161tirje neodimijevi magneti z nikljevo prevleko premera 10 mm in debeline 2 mm. Pritrdilna mo\u010d je pribli\u017eno 2 kg.<\/p>","protected":false},"excerpt":{"rendered":"<p>Komplet \u0161tirih neodimijevih magnetov (10 x 2 mm), pritrdilna mo\u010d 2 kg.<\/p>","protected":false},"featured_media":1566,"template":"","meta":[],"product_brand":[],"product_cat":[156,114],"product_tag":[],"class_list":{"0":"post-1557","1":"product","2":"type-product","3":"status-publish","4":"has-post-thumbnail","6":"product_cat-oprema-za-zaklade","7":"product_cat-postavljanje-zakladov","9":"first","10":"instock","11":"shipping-taxable","12":"purchasable","13":"product-type-simple"},"_links":{"self":[{"href":"https:\/\/trgovina.geocacher.si\/en\/wp-json\/wp\/v2\/product\/1557","targetHints":{"allow":["GET"]}}],"collection":[{"href":"https:\/\/trgovina.geocacher.si\/en\/wp-json\/wp\/v2\/product"}],"about":[{"href":"https:\/\/trgovina.geocacher.si\/en\/wp-json\/wp\/v2\/types\/product"}],"wp:featuredmedia":[{"embeddable":true,"href":"https:\/\/trgovina.geocacher.si\/en\/wp-json\/wp\/v2\/media\/1566"}],"wp:attachment":[{"href":"https:\/\/trgovina.geocacher.si\/en\/wp-json\/wp\/v2\/media?parent=1557"}],"wp:term":[{"taxonomy":"product_brand","embeddable":true,"href":"https:\/\/trgovina.geocacher.si\/en\/wp-json\/wp\/v2\/product_brand?post=1557"},{"taxonomy":"product_cat","embeddable":true,"href":"https:\/\/trgovina.geocacher.si\/en\/wp-json\/wp\/v2\/product_cat?post=1557"},{"taxonomy":"product_tag","embeddable":true,"href":"https:\/\/trgovina.geocacher.si\/en\/wp-json\/wp\/v2\/product_tag?post=1557"}],"curies":[{"name":"wp","href":"https:\/\/api.w.org\/{rel}","templated":true}]}}