{"id":156,"date":"2020-06-07T21:12:17","date_gmt":"2020-06-07T19:12:17","guid":{"rendered":"https:\/\/trgovina.geocacher.si\/izdelek\/import-placeholder-for-23235\/"},"modified":"2025-12-21T13:30:49","modified_gmt":"2025-12-21T12:30:49","slug":"memory-lane-geokovanec","status":"publish","type":"product","link":"https:\/\/trgovina.geocacher.si\/en\/product\/memory-lane-geokovanec\/","title":{"rendered":"Memory Lane Geocoin"},"content":{"rendered":"<p>Igra geocaching je v letu 2020 praznovala dvajseto obletnico. Izziv zbiranja spominkov Memory Lane (Pot spominov), na\u010drtovan za pomlad, je bil zato zasnovan kot pogled nazaj na pet pomembnih mejnikov v razvoju igre. Iz znanih razlogov se je izziv za\u010del nekoliko kasneje. Od 1. junija 2020 do 3. januarja 2021 ste si lahko z iskanjem zakladov obudili spomine na prelomne dogodke v na\u0161i igri in si prislu\u017eili pet prilo\u017enostnih spominkov. In kaj je lep\u0161a nagrada za uspe\u0161no zaklju\u010den izziv kot prilo\u017enostni geokovanec. Na voljo v na\u0161i spletni trgovini v ponudbi, kot je ne boste na\u0161li nikjer drugje.<\/p>\n<p>Kovanec velikosti 6,3 x 3,5 cm je seveda sledljiv na Geocaching.com in ima v seznamu sledljiv\u010dkov svojo posebno ikono.<\/p>","protected":false},"excerpt":{"rendered":"<p>Ob 20. obletnici igre geocaching ste si lahko z iskanjem zakladov obudili spomine na prelomne dogodke v na\u0161i igri in si prislu\u017eili pet prilo\u017enostnih spominkov. In kaj je lep\u0161a nagrada za uspe\u0161no zaklju\u010den izziv kot prilo\u017enostni geokovanec. V posebni ponudbi za slovenske geolovce!<\/p>","protected":false},"featured_media":161,"template":"","meta":[],"product_brand":[],"product_cat":[66,32,138,31],"product_tag":[],"class_list":{"0":"post-156","1":"product","2":"type-product","3":"status-publish","4":"has-post-thumbnail","6":"product_cat-geocaching","7":"product_cat-geokovanci","8":"product_cat-25let","9":"product_cat-sledljivcki","11":"first","12":"instock","13":"shipping-taxable","14":"purchasable","15":"product-type-simple"},"_links":{"self":[{"href":"https:\/\/trgovina.geocacher.si\/en\/wp-json\/wp\/v2\/product\/156","targetHints":{"allow":["GET"]}}],"collection":[{"href":"https:\/\/trgovina.geocacher.si\/en\/wp-json\/wp\/v2\/product"}],"about":[{"href":"https:\/\/trgovina.geocacher.si\/en\/wp-json\/wp\/v2\/types\/product"}],"wp:featuredmedia":[{"embeddable":true,"href":"https:\/\/trgovina.geocacher.si\/en\/wp-json\/wp\/v2\/media\/161"}],"wp:attachment":[{"href":"https:\/\/trgovina.geocacher.si\/en\/wp-json\/wp\/v2\/media?parent=156"}],"wp:term":[{"taxonomy":"product_brand","embeddable":true,"href":"https:\/\/trgovina.geocacher.si\/en\/wp-json\/wp\/v2\/product_brand?post=156"},{"taxonomy":"product_cat","embeddable":true,"href":"https:\/\/trgovina.geocacher.si\/en\/wp-json\/wp\/v2\/product_cat?post=156"},{"taxonomy":"product_tag","embeddable":true,"href":"https:\/\/trgovina.geocacher.si\/en\/wp-json\/wp\/v2\/product_tag?post=156"}],"curies":[{"name":"wp","href":"https:\/\/api.w.org\/{rel}","templated":true}]}}