{"id":1560,"date":"2020-11-23T08:01:26","date_gmt":"2020-11-23T07:01:26","guid":{"rendered":"https:\/\/trgovina.geocacher.si\/?post_type=product&#038;p=1560"},"modified":"2026-03-14T12:06:07","modified_gmt":"2026-03-14T11:06:07","slug":"geocaching-nalepke-mini","status":"publish","type":"product","link":"https:\/\/trgovina.geocacher.si\/en\/product\/geocaching-nalepke-mini\/","title":{"rendered":"Geocaching mini stickers"},"content":{"rendered":"<p>Komplet osmih mini nalepk z geocaching logotipom, s katerimi lahko ozna\u010dite vse, na kar se primejo. Najbolj uporabne so seveda za to, da z njimi ozna\u010dite vsebnik zaklada. Da bo prepoznaven na prvi pogled. Premer okrogle je 2,5 cm, kvadratna pa meri 1,9 \u00d71,9 cm.<\/p>","protected":false},"excerpt":{"rendered":"<p>Komplet osmih mini nalepk z Geocaching logotipom. Kvadratne ali okrogle.<\/p>","protected":false},"featured_media":1558,"template":"","meta":[],"product_brand":[],"product_cat":[112,111,156,114],"product_tag":[],"class_list":{"0":"post-1560","1":"product","2":"type-product","3":"status-publish","4":"has-post-thumbnail","6":"product_cat-oprema","7":"product_cat-nalepke","8":"product_cat-oprema-za-zaklade","9":"product_cat-postavljanje-zakladov","11":"first","12":"instock","13":"shipping-taxable","14":"purchasable","15":"product-type-variable"},"_links":{"self":[{"href":"https:\/\/trgovina.geocacher.si\/en\/wp-json\/wp\/v2\/product\/1560","targetHints":{"allow":["GET"]}}],"collection":[{"href":"https:\/\/trgovina.geocacher.si\/en\/wp-json\/wp\/v2\/product"}],"about":[{"href":"https:\/\/trgovina.geocacher.si\/en\/wp-json\/wp\/v2\/types\/product"}],"wp:featuredmedia":[{"embeddable":true,"href":"https:\/\/trgovina.geocacher.si\/en\/wp-json\/wp\/v2\/media\/1558"}],"wp:attachment":[{"href":"https:\/\/trgovina.geocacher.si\/en\/wp-json\/wp\/v2\/media?parent=1560"}],"wp:term":[{"taxonomy":"product_brand","embeddable":true,"href":"https:\/\/trgovina.geocacher.si\/en\/wp-json\/wp\/v2\/product_brand?post=1560"},{"taxonomy":"product_cat","embeddable":true,"href":"https:\/\/trgovina.geocacher.si\/en\/wp-json\/wp\/v2\/product_cat?post=1560"},{"taxonomy":"product_tag","embeddable":true,"href":"https:\/\/trgovina.geocacher.si\/en\/wp-json\/wp\/v2\/product_tag?post=1560"}],"curies":[{"name":"wp","href":"https:\/\/api.w.org\/{rel}","templated":true}]}}