{"id":1759,"date":"2021-01-29T23:06:51","date_gmt":"2021-01-29T22:06:51","guid":{"rendered":"https:\/\/trgovina.geocacher.si\/?post_type=product&#038;p=1759"},"modified":"2026-04-10T22:55:46","modified_gmt":"2026-04-10T20:55:46","slug":"premium-narocnina-1-leto","status":"publish","type":"product","link":"https:\/\/trgovina.geocacher.si\/en\/product\/premium-narocnina-1-leto\/","title":{"rendered":"Premium membership 1 year"},"content":{"rendered":"<p>O Geocaching Premium naro\u010dnini najbr\u017e ni treba izgubljati besed. Za ceno v povpre\u010dju enega piva mese\u010dno (in to niti ne krafta, ampak \u010disto navadnega) si za 12 mesecev odprete dostop do zakladov vseh vrst in te\u017eavnosti v mobilni aplikaciji, naprednega iskalnika in mo\u017enosti podeljevanja favoritov. Da sploh ne omenjamo obvestil o objavah novih zakladov, ustvarjanja lastnih seznamov, podpore za delo brez podatkovnega omre\u017eja v mobilni aplikaciji, Pocket Query poizvedb in drugih mo\u017enosti na\u010drtovanja geolovskih odprav.<\/p>\n<p>Po nakupu boste <strong>prejeli kodo <\/strong>(po dogovoru tudi fizi\u010dno kartico), ki vam omogo\u010di eno leto dostopa do Premium ugodnosti na geolovskem spleti\u0161\u010du oziroma vam za eno leto podalj\u0161a obstoje\u010do Premium naro\u010dnino (od dneva njenega poteka naprej).<\/p>","protected":false},"excerpt":{"rendered":"<p>Enoletna Premium naro\u010dnina na geocaching.com. Za 12 mesecev vam odpre dostop do zakladov vseh vrst in te\u017eavnosti v mobilni aplikaciji, naprednega iskalnika in mo\u017enosti podeljevanja favoritov. Da ne omenjamo drugih Premium mo\u017enosti&#8230;<\/p>","protected":false},"featured_media":1763,"template":"","meta":[],"product_brand":[],"product_cat":[145,66],"product_tag":[246],"class_list":{"0":"post-1759","1":"product","2":"type-product","3":"status-publish","4":"has-post-thumbnail","6":"product_cat-geobozicek2025","7":"product_cat-geocaching","8":"product_tag-bozicni-geomarket-2025","10":"first","11":"outofstock","12":"virtual","13":"purchasable","14":"product-type-simple"},"_links":{"self":[{"href":"https:\/\/trgovina.geocacher.si\/en\/wp-json\/wp\/v2\/product\/1759","targetHints":{"allow":["GET"]}}],"collection":[{"href":"https:\/\/trgovina.geocacher.si\/en\/wp-json\/wp\/v2\/product"}],"about":[{"href":"https:\/\/trgovina.geocacher.si\/en\/wp-json\/wp\/v2\/types\/product"}],"wp:featuredmedia":[{"embeddable":true,"href":"https:\/\/trgovina.geocacher.si\/en\/wp-json\/wp\/v2\/media\/1763"}],"wp:attachment":[{"href":"https:\/\/trgovina.geocacher.si\/en\/wp-json\/wp\/v2\/media?parent=1759"}],"wp:term":[{"taxonomy":"product_brand","embeddable":true,"href":"https:\/\/trgovina.geocacher.si\/en\/wp-json\/wp\/v2\/product_brand?post=1759"},{"taxonomy":"product_cat","embeddable":true,"href":"https:\/\/trgovina.geocacher.si\/en\/wp-json\/wp\/v2\/product_cat?post=1759"},{"taxonomy":"product_tag","embeddable":true,"href":"https:\/\/trgovina.geocacher.si\/en\/wp-json\/wp\/v2\/product_tag?post=1759"}],"curies":[{"name":"wp","href":"https:\/\/api.w.org\/{rel}","templated":true}]}}