{"id":1771,"date":"2022-03-28T07:51:30","date_gmt":"2022-03-28T05:51:30","guid":{"rendered":"https:\/\/trgovina.geocacher.si\/?post_type=product&#038;p=1771"},"modified":"2025-12-02T06:47:04","modified_gmt":"2025-12-02T05:47:04","slug":"geoljubljana-2022-geokovanec","status":"publish","type":"product","link":"https:\/\/trgovina.geocacher.si\/en\/product\/geoljubljana-2022-geokovanec\/","title":{"rendered":"geoLjubljana 2022 Geocoin"},"content":{"rendered":"<p>Zmaj\u010dek Tradi je bil va\u0161 gostitelj na dogodku <a href=\"https:\/\/geoljubljana2022.geocacher.si\" target=\"_blank\" rel=\"noopener\">geoLjubljana 2022<\/a> and the mascot of the first geocaching Mega-Event in Slovenia. It is no surprise that he also features on the <strong>50 mm geocoin<\/strong>, izdelan posebej za ta dogodek v dveh razli\u010dicah. Na voljo je samo \u0161e razli\u010dica, ki ima kovinsko obdelavo v \u010drni barvi (Black Nickel). Razprodana <strong>zbirateljska razli\u010dica<\/strong> je imela kovinsko obdelavo v barvi starega srebra (Antique Silver) in ble\u0161\u010dice v nekaterih temnozelenih elementih.<\/p>\n<p>&nbsp;<\/p>","protected":false},"excerpt":{"rendered":"<p>Official geocoin of geoLjubljana 2022 Mega-Event. Still available are <strong>Regular Edition coins\u00a0<\/strong>with Black Nickel finishing.<\/p>","protected":false},"featured_media":3187,"template":"","meta":[],"product_brand":[],"product_cat":[32,201,242,207],"product_tag":[],"class_list":{"0":"post-1771","1":"product","2":"type-product","3":"status-publish","4":"has-post-thumbnail","6":"product_cat-geokovanci","7":"product_cat-geoljubljana2022","8":"product_cat-kamnik2025","9":"product_cat-slovenski-geolovski-spominki","11":"first","12":"instock","13":"shipping-taxable","14":"purchasable","15":"product-type-variable"},"_links":{"self":[{"href":"https:\/\/trgovina.geocacher.si\/en\/wp-json\/wp\/v2\/product\/1771","targetHints":{"allow":["GET"]}}],"collection":[{"href":"https:\/\/trgovina.geocacher.si\/en\/wp-json\/wp\/v2\/product"}],"about":[{"href":"https:\/\/trgovina.geocacher.si\/en\/wp-json\/wp\/v2\/types\/product"}],"wp:featuredmedia":[{"embeddable":true,"href":"https:\/\/trgovina.geocacher.si\/en\/wp-json\/wp\/v2\/media\/3187"}],"wp:attachment":[{"href":"https:\/\/trgovina.geocacher.si\/en\/wp-json\/wp\/v2\/media?parent=1771"}],"wp:term":[{"taxonomy":"product_brand","embeddable":true,"href":"https:\/\/trgovina.geocacher.si\/en\/wp-json\/wp\/v2\/product_brand?post=1771"},{"taxonomy":"product_cat","embeddable":true,"href":"https:\/\/trgovina.geocacher.si\/en\/wp-json\/wp\/v2\/product_cat?post=1771"},{"taxonomy":"product_tag","embeddable":true,"href":"https:\/\/trgovina.geocacher.si\/en\/wp-json\/wp\/v2\/product_tag?post=1771"}],"curies":[{"name":"wp","href":"https:\/\/api.w.org\/{rel}","templated":true}]}}