{"id":1777,"date":"2022-03-11T12:06:28","date_gmt":"2022-03-11T11:06:28","guid":{"rendered":"https:\/\/trgovina.geocacher.si\/?post_type=product&#038;p=1777"},"modified":"2026-03-06T04:55:31","modified_gmt":"2026-03-06T03:55:31","slug":"sgk-sledljiva-ploscica","status":"publish","type":"product","link":"https:\/\/trgovina.geocacher.si\/en\/product\/sgk-sledljiva-ploscica\/","title":{"rendered":"Slovenian Geocaching Club Trackable Tag"},"content":{"rendered":"<p style=\"margin-bottom: 20px;\">In February 2022, the Slovenian Geocaching club celebrated its <a href=\"https:\/\/www.geocacher.si\/slovenski-geocaching-klub-prvih-deset-let\/\" target=\"_blank\" rel=\"noopener\">10th anniversary<\/a>. Jubilej je obele\u017eil tudi s <strong>sledljivo plo\u0161\u010dico s klubskim logotipom <\/strong>oziroma po doma\u010de klubskim TB-jem. Po nekaj letih imamo spet na voljo potovalni sledljiv\u010dek doma\u010dega zalo\u017enika. Lahko ga po\u0161ljete na potovanje po svetu ali pripnete na svoj najljub\u0161i kos geoopreme in z njim bele\u017eite svoje potovanje po geolovskem svetu (in ga seveda poka\u017eete drugim geolovcem ob vsaki prilo\u017enosti). Ali pa ga postavite na vidno mesto v zbirko svojih sledljiv\u010dkov.<\/p>\n<p><img fetchpriority=\"high\" decoding=\"async\" class=\"aligncenter wp-image-2573\" style=\"margin-top: 10px;\" src=\"https:\/\/trgovina.geocacher.si\/wp-content\/uploads\/2022\/03\/SGKtag_tech-300x150.png\" alt=\"\" width=\"600\" height=\"301\" srcset=\"https:\/\/trgovina.geocacher.si\/wp-content\/uploads\/2022\/03\/SGKtag_tech-300x150.png 300w, https:\/\/trgovina.geocacher.si\/wp-content\/uploads\/2022\/03\/SGKtag_tech-1024x513.png 1024w, https:\/\/trgovina.geocacher.si\/wp-content\/uploads\/2022\/03\/SGKtag_tech-768x385.png 768w, https:\/\/trgovina.geocacher.si\/wp-content\/uploads\/2022\/03\/SGKtag_tech-600x301.png 600w, https:\/\/trgovina.geocacher.si\/wp-content\/uploads\/2022\/03\/SGKtag_tech.png 1419w\" sizes=\"(max-width: 600px) 100vw, 600px\" \/><\/p>\n<p>Sledljiv\u010dek meri 50 \u00d7 30 mm. Sprednja stran s klubskim logotipom je pred vsem, kar ga lahko doleti na poti (razen pred dolgoprstimi bunklji), za\u0161\u010ditena z epoksi prevleko. Veri\u017eica za potnika je prilo\u017eena.<\/p>","protected":false},"excerpt":{"rendered":"<p>Deset let delovanja Slovenskega Geocaching kluba je bila prava prilo\u017enost za nov slovenski sledljiv\u010dek! Lahko ga po\u0161ljete na potovanje po svetu ali pripnete na svoj najljub\u0161i kos geoopreme in z njim bele\u017eite svoje potovanje po geolovskem svetu. <strong>Buyers located outside Slovenia:<\/strong><strong><br \/>\n<\/strong><\/p>","protected":false},"featured_media":2904,"template":"","meta":[],"product_brand":[],"product_cat":[201,242,67,31,207],"product_tag":[246],"class_list":{"0":"post-1777","1":"product","2":"type-product","3":"status-publish","4":"has-post-thumbnail","6":"product_cat-geoljubljana2022","7":"product_cat-kamnik2025","8":"product_cat-ploscice-travel-tag","9":"product_cat-sledljivcki","10":"product_cat-slovenski-geolovski-spominki","11":"product_tag-bozicni-geomarket-2025","13":"first","14":"instock","15":"shipping-taxable","16":"purchasable","17":"product-type-simple"},"_links":{"self":[{"href":"https:\/\/trgovina.geocacher.si\/en\/wp-json\/wp\/v2\/product\/1777","targetHints":{"allow":["GET"]}}],"collection":[{"href":"https:\/\/trgovina.geocacher.si\/en\/wp-json\/wp\/v2\/product"}],"about":[{"href":"https:\/\/trgovina.geocacher.si\/en\/wp-json\/wp\/v2\/types\/product"}],"wp:featuredmedia":[{"embeddable":true,"href":"https:\/\/trgovina.geocacher.si\/en\/wp-json\/wp\/v2\/media\/2904"}],"wp:attachment":[{"href":"https:\/\/trgovina.geocacher.si\/en\/wp-json\/wp\/v2\/media?parent=1777"}],"wp:term":[{"taxonomy":"product_brand","embeddable":true,"href":"https:\/\/trgovina.geocacher.si\/en\/wp-json\/wp\/v2\/product_brand?post=1777"},{"taxonomy":"product_cat","embeddable":true,"href":"https:\/\/trgovina.geocacher.si\/en\/wp-json\/wp\/v2\/product_cat?post=1777"},{"taxonomy":"product_tag","embeddable":true,"href":"https:\/\/trgovina.geocacher.si\/en\/wp-json\/wp\/v2\/product_tag?post=1777"}],"curies":[{"name":"wp","href":"https:\/\/api.w.org\/{rel}","templated":true}]}}