{"id":1785,"date":"2021-11-04T12:15:26","date_gmt":"2021-11-04T11:15:26","guid":{"rendered":"https:\/\/trgovina.geocacher.si\/?post_type=product&#038;p=1785"},"modified":"2025-12-28T09:14:53","modified_gmt":"2025-12-28T08:14:53","slug":"community-celebration-sledljiva-ploscica","status":"publish","type":"product","link":"https:\/\/trgovina.geocacher.si\/en\/product\/community-celebration-sledljiva-ploscica\/","title":{"rendered":"Celebrating Community Travel Tag"},"content":{"rendered":"<p>Community Celebration dogodki so bili posebne vrste dogodki, namenjeni praznovanju dvajsetletnice igre Geocaching. Iz vsem dobro znanih razlogov se je rok za njihovo izvedbo podalj\u0161al do konca leta 2022. Udele\u017eba na dogodku te vrste vam je ali bo obogatila geolovsko statistiko z novo ikono in spominkom, na voljo pa so tudi bolj otipljivi spominki. Na primer ta vsestranska sledljiva plo\u0161\u010dica. Ali celo <a href=\"https:\/\/trgovina.geocacher.si\/en\/product\/community-celebration-geokovanec\/\">geokovanec<\/a>. Lahko jo porabite kot nagrado na sre\u010delovu na svojem dogodku ali kot nagrado samemu sebi za uspe\u0161no izpeljan dogodek. Ali pa kar kot obi\u010dajen potovalni sledljiv\u010dek, ki ga po\u0161ljete po svetu.<\/p>\n<p>Plo\u0161\u010dica meri po dolgem pribli\u017eno 3,2 cm, enako pa tudi po\u010dez, ker je pa\u010d okrogla.<\/p>","protected":false},"excerpt":{"rendered":"<p>Community Celebration sledljiva plo\u0161\u010dica. Vsestransko uporabna kot nagrada za organizatorja\/udele\u017eenca Community Celebration dogodka ali kot obi\u010dajen potovalni sledljiv\u010dek.<\/p>","protected":false},"featured_media":2439,"template":"","meta":[],"product_brand":[],"product_cat":[67,31],"product_tag":[],"class_list":{"0":"post-1785","1":"product","2":"type-product","3":"status-publish","4":"has-post-thumbnail","6":"product_cat-ploscice-travel-tag","7":"product_cat-sledljivcki","9":"first","10":"outofstock","11":"shipping-taxable","12":"purchasable","13":"product-type-simple"},"_links":{"self":[{"href":"https:\/\/trgovina.geocacher.si\/en\/wp-json\/wp\/v2\/product\/1785","targetHints":{"allow":["GET"]}}],"collection":[{"href":"https:\/\/trgovina.geocacher.si\/en\/wp-json\/wp\/v2\/product"}],"about":[{"href":"https:\/\/trgovina.geocacher.si\/en\/wp-json\/wp\/v2\/types\/product"}],"wp:featuredmedia":[{"embeddable":true,"href":"https:\/\/trgovina.geocacher.si\/en\/wp-json\/wp\/v2\/media\/2439"}],"wp:attachment":[{"href":"https:\/\/trgovina.geocacher.si\/en\/wp-json\/wp\/v2\/media?parent=1785"}],"wp:term":[{"taxonomy":"product_brand","embeddable":true,"href":"https:\/\/trgovina.geocacher.si\/en\/wp-json\/wp\/v2\/product_brand?post=1785"},{"taxonomy":"product_cat","embeddable":true,"href":"https:\/\/trgovina.geocacher.si\/en\/wp-json\/wp\/v2\/product_cat?post=1785"},{"taxonomy":"product_tag","embeddable":true,"href":"https:\/\/trgovina.geocacher.si\/en\/wp-json\/wp\/v2\/product_tag?post=1785"}],"curies":[{"name":"wp","href":"https:\/\/api.w.org\/{rel}","templated":true}]}}