{"id":1790,"date":"2025-06-19T05:57:54","date_gmt":"2025-06-19T03:57:54","guid":{"rendered":"https:\/\/trgovina.geocacher.si\/?post_type=product&#038;p=1790"},"modified":"2025-10-26T22:09:16","modified_gmt":"2025-10-26T21:09:16","slug":"community-celebration-geokovanec","status":"publish","type":"product","link":"https:\/\/trgovina.geocacher.si\/en\/product\/community-celebration-geokovanec\/","title":{"rendered":"Community Celebration 2025 geokovanec"},"content":{"rendered":"<p>V letu 2025 praznujemo 25. obletnico igre Geocaching. V \u010dast te obletnice bodo lahko geolovci, ki bodo do konca leta 2024 <a href=\"https:\/\/www.geocaching.com\/blog\/2024\/02\/celebrate-25-years-of-geocaching-at-community-celebration-events\/\" target=\"_blank\" rel=\"noopener\">izpolnili merila<\/a>, organizirali posebne Community Celebration dogodke. Udele\u017eba na dogodku te vrste bo nekaterim obogatila geolovsko statistiko z novo ikono, vsi udele\u017eenci si bodo prislu\u017eili prilo\u017enostni spominek v svoj geolovski profil. Na voljo pa so tudi bolj otipljivi spominki. Na primer ta prilo\u017enostni geokovanec. Podoben je tistemu izpred dveh let, a je motiv na zadnji strani nekoliko druga\u010den. Lahko ga velikodu\u0161no porabite kot nagrado na sre\u010delovu na svojem dogodku ali kot nagrado samemu sebi za uspe\u0161no izpeljan dogodek.\u00a0<strong>Available as preorder. Order now and collect at the <a href=\"https:\/\/kamnik2025.geocacher.si\/\" target=\"_blank\" rel=\"noopener\">Block Party event in Kamnik<\/a>.<\/strong><\/p>","protected":false},"excerpt":{"rendered":"<p>I\u0161\u010dete primerno nagrado za sre\u010dolov na svojem Community Celebration dogodku? Ali otipljiv spominek na uspe\u0161no izpeljan dogodek? To je to.\u00a0<strong>Available as preorder. Order now and collect at the <a href=\"https:\/\/kamnik2025.geocacher.si\/\" target=\"_blank\" rel=\"noopener\">Block Party event in Kamnik<\/a>.<\/strong><\/p>","protected":false},"featured_media":3934,"template":"","meta":[],"product_brand":[],"product_cat":[32,138,142,31],"product_tag":[],"class_list":{"0":"post-1790","1":"product","2":"type-product","3":"status-publish","4":"has-post-thumbnail","6":"product_cat-geokovanci","7":"product_cat-25let","8":"product_cat-prednarocilo","9":"product_cat-sledljivcki","11":"first","12":"onbackorder","13":"shipping-taxable","14":"purchasable","15":"product-type-simple"},"_links":{"self":[{"href":"https:\/\/trgovina.geocacher.si\/en\/wp-json\/wp\/v2\/product\/1790","targetHints":{"allow":["GET"]}}],"collection":[{"href":"https:\/\/trgovina.geocacher.si\/en\/wp-json\/wp\/v2\/product"}],"about":[{"href":"https:\/\/trgovina.geocacher.si\/en\/wp-json\/wp\/v2\/types\/product"}],"wp:featuredmedia":[{"embeddable":true,"href":"https:\/\/trgovina.geocacher.si\/en\/wp-json\/wp\/v2\/media\/3934"}],"wp:attachment":[{"href":"https:\/\/trgovina.geocacher.si\/en\/wp-json\/wp\/v2\/media?parent=1790"}],"wp:term":[{"taxonomy":"product_brand","embeddable":true,"href":"https:\/\/trgovina.geocacher.si\/en\/wp-json\/wp\/v2\/product_brand?post=1790"},{"taxonomy":"product_cat","embeddable":true,"href":"https:\/\/trgovina.geocacher.si\/en\/wp-json\/wp\/v2\/product_cat?post=1790"},{"taxonomy":"product_tag","embeddable":true,"href":"https:\/\/trgovina.geocacher.si\/en\/wp-json\/wp\/v2\/product_tag?post=1790"}],"curies":[{"name":"wp","href":"https:\/\/api.w.org\/{rel}","templated":true}]}}