{"id":1793,"date":"2021-10-27T12:20:35","date_gmt":"2021-10-27T10:20:35","guid":{"rendered":"https:\/\/trgovina.geocacher.si\/?post_type=product&#038;p=1793"},"modified":"2022-03-22T09:59:16","modified_gmt":"2022-03-22T08:59:16","slug":"prazniki-2021-sledljiva-ploscica","status":"publish","type":"product","link":"https:\/\/trgovina.geocacher.si\/en\/product\/prazniki-2021-sledljiva-ploscica\/","title":{"rendered":"Prazniki 2021 sledljiva plo\u0161\u010dica"},"content":{"rendered":"<p><strong>Promocijski sledljiv\u010dek prazni\u010dne sezone 2021<\/strong>\u00a0je tudi tokrat geolovska variacija znane bo\u017ei\u010dno-novoletne teme. Vsem znani popotni hro\u0161\u010dek oziroma Travel Bug\u00ae se je na sledljivi plo\u0161\u010dici vselil v sne\u017eno kroglo. Plo\u0161\u010dato, a to ne pomeni, da je Zemlja ravna plo\u0161\u010da. Kolikor nam je znano, je plo\u0161\u010dica obi\u010dajne velikosti za tovrstne izdelke. Kupiti je ni mogo\u010de, brezpla\u010dno pa dodamo naro\u010dilu po eno za vsakih zapravljenih 20 EUR (ne vklju\u010duje nakupa darilne kartice in po\u0161tnine, dobite pa jo tudi ob nakupu Premium naro\u010dnine). <strong>Dokler jih \u0161e imamo na zalogi.<\/strong><\/p>","protected":false},"excerpt":{"rendered":"<p>Promocijski sledljiv\u010dek prazni\u010dne sezone 2021. Brezpla\u010dno dodamo naro\u010dilu po enega za vsakih zapravljenih 20 EUR (ne vklju\u010duje nakupa darilne kartice in po\u0161tnine, dobite pa ga tudi ob nakupu Premium naro\u010dnine). Dokler jih \u0161e imamo, seveda.\u00a0<strong>Na voljo jih je \u0161e 9.<\/strong><\/p>","protected":false},"featured_media":2384,"template":"","meta":[],"product_brand":[],"product_cat":[67,31],"product_tag":[],"class_list":{"0":"post-1793","1":"product","2":"type-product","3":"status-publish","4":"has-post-thumbnail","6":"product_cat-ploscice-travel-tag","7":"product_cat-sledljivcki","9":"first","10":"outofstock","11":"shipping-taxable","12":"purchasable","13":"product-type-simple"},"_links":{"self":[{"href":"https:\/\/trgovina.geocacher.si\/en\/wp-json\/wp\/v2\/product\/1793","targetHints":{"allow":["GET"]}}],"collection":[{"href":"https:\/\/trgovina.geocacher.si\/en\/wp-json\/wp\/v2\/product"}],"about":[{"href":"https:\/\/trgovina.geocacher.si\/en\/wp-json\/wp\/v2\/types\/product"}],"wp:featuredmedia":[{"embeddable":true,"href":"https:\/\/trgovina.geocacher.si\/en\/wp-json\/wp\/v2\/media\/2384"}],"wp:attachment":[{"href":"https:\/\/trgovina.geocacher.si\/en\/wp-json\/wp\/v2\/media?parent=1793"}],"wp:term":[{"taxonomy":"product_brand","embeddable":true,"href":"https:\/\/trgovina.geocacher.si\/en\/wp-json\/wp\/v2\/product_brand?post=1793"},{"taxonomy":"product_cat","embeddable":true,"href":"https:\/\/trgovina.geocacher.si\/en\/wp-json\/wp\/v2\/product_cat?post=1793"},{"taxonomy":"product_tag","embeddable":true,"href":"https:\/\/trgovina.geocacher.si\/en\/wp-json\/wp\/v2\/product_tag?post=1793"}],"curies":[{"name":"wp","href":"https:\/\/api.w.org\/{rel}","templated":true}]}}