{"id":1899,"date":"2021-04-01T11:20:47","date_gmt":"2021-04-01T09:20:47","guid":{"rendered":"https:\/\/trgovina.geocacher.si\/?post_type=product&#038;p=1899"},"modified":"2025-09-04T22:13:33","modified_gmt":"2025-09-04T20:13:33","slug":"adventure-lab-geokovanec","status":"publish","type":"product","link":"https:\/\/trgovina.geocacher.si\/en\/product\/adventure-lab-geokovanec\/","title":{"rendered":"Adventure Lab\u00ae Geocoin"},"content":{"rendered":"<p>Adventure Lab je geolovu pridru\u017eena igra, ki jo igrate s posebno aplikacijo za mobilne naprave. Zadnje \u010dase se nove avanture pojavljajo kot gobe po de\u017eju, tako da je bilo samo vpra\u0161anje \u010dasa, kdaj se bo na to temo pojavil tudi kak sledljiv\u010dek. No, zdaj je na voljo v tej turkizno modri izvedbi, ki se ji ni mogo\u010de upreti.<\/p>\n<p>Mere kovanca so pribli\u017eno 5,1 \u00d7 3,8 cm. <strong>Available as preorder. Order now and collect at the <a href=\"https:\/\/kamnik2025.geocacher.si\/\" target=\"_blank\" rel=\"noopener\">Block Party event in Kamnik<\/a>.<\/strong><\/p>\n<p>&nbsp;<\/p>","protected":false},"excerpt":{"rendered":"<p>Adventure Lab geokovanec v turkizno modri izvedbi, ki se ji ni mogo\u010de upreti. <strong>Available as preorder. Order now and collect at the <a href=\"https:\/\/kamnik2025.geocacher.si\/\" target=\"_blank\" rel=\"noopener\">Block Party event in Kamnik<\/a>.<\/strong><\/p>","protected":false},"featured_media":1900,"template":"","meta":[],"product_brand":[],"product_cat":[32,142,31],"product_tag":[],"class_list":{"0":"post-1899","1":"product","2":"type-product","3":"status-publish","4":"has-post-thumbnail","6":"product_cat-geokovanci","7":"product_cat-prednarocilo","8":"product_cat-sledljivcki","10":"first","11":"outofstock","12":"shipping-taxable","13":"purchasable","14":"product-type-simple"},"_links":{"self":[{"href":"https:\/\/trgovina.geocacher.si\/en\/wp-json\/wp\/v2\/product\/1899","targetHints":{"allow":["GET"]}}],"collection":[{"href":"https:\/\/trgovina.geocacher.si\/en\/wp-json\/wp\/v2\/product"}],"about":[{"href":"https:\/\/trgovina.geocacher.si\/en\/wp-json\/wp\/v2\/types\/product"}],"wp:featuredmedia":[{"embeddable":true,"href":"https:\/\/trgovina.geocacher.si\/en\/wp-json\/wp\/v2\/media\/1900"}],"wp:attachment":[{"href":"https:\/\/trgovina.geocacher.si\/en\/wp-json\/wp\/v2\/media?parent=1899"}],"wp:term":[{"taxonomy":"product_brand","embeddable":true,"href":"https:\/\/trgovina.geocacher.si\/en\/wp-json\/wp\/v2\/product_brand?post=1899"},{"taxonomy":"product_cat","embeddable":true,"href":"https:\/\/trgovina.geocacher.si\/en\/wp-json\/wp\/v2\/product_cat?post=1899"},{"taxonomy":"product_tag","embeddable":true,"href":"https:\/\/trgovina.geocacher.si\/en\/wp-json\/wp\/v2\/product_tag?post=1899"}],"curies":[{"name":"wp","href":"https:\/\/api.w.org\/{rel}","templated":true}]}}