{"id":1901,"date":"2021-04-01T11:37:49","date_gmt":"2021-04-01T09:37:49","guid":{"rendered":"https:\/\/trgovina.geocacher.si\/?post_type=product&#038;p=1901"},"modified":"2025-09-04T22:13:09","modified_gmt":"2025-09-04T20:13:09","slug":"adventure-lab-sledljiva-ploscica","status":"publish","type":"product","link":"https:\/\/trgovina.geocacher.si\/en\/product\/adventure-lab-sledljiva-ploscica\/","title":{"rendered":"Adventure Lab\u00ae Travel Tag"},"content":{"rendered":"<p>Adventure Lab je geolovu pridru\u017eena igra, ki jo igrate s posebno aplikacijo za mobilne naprave. Zadnje \u010dase se nove avanture pojavljajo kot gobe po de\u017eju, tako da je bilo samo vpra\u0161anje \u010dasa, kdaj se bo na to temo pojavil tudi kak sledljiv\u010dek. No, zdaj je poleg geokovanca na voljo plo\u0161\u010dica v tej sinjemodri izvedbi, ki se ji ni mogo\u010de upreti.<\/p>\n<p>Mere plo\u0161\u010dice so pribli\u017eno 3,8 \u00d7 3,2 cm.<\/p>\n<p><strong>Available as preorder. Order now and collect at the <a href=\"https:\/\/kamnik2025.geocacher.si\/\" target=\"_blank\" rel=\"noopener\">Block Party event in Kamnik<\/a>.<\/strong><\/p>","protected":false},"excerpt":{"rendered":"<p>Adventure Lab sledljiva plo\u0161\u010dica v sinjemodri izvedbi, ki se ji ni mogo\u010de upreti. <strong>Available as preorder. Order now and collect at the <a href=\"https:\/\/kamnik2025.geocacher.si\/\" target=\"_blank\" rel=\"noopener\">Block Party event in Kamnik<\/a>.<\/strong><\/p>","protected":false},"featured_media":1902,"template":"","meta":[],"product_brand":[],"product_cat":[66,67,31],"product_tag":[],"class_list":{"0":"post-1901","1":"product","2":"type-product","3":"status-publish","4":"has-post-thumbnail","6":"product_cat-geocaching","7":"product_cat-ploscice-travel-tag","8":"product_cat-sledljivcki","10":"first","11":"outofstock","12":"shipping-taxable","13":"purchasable","14":"product-type-simple"},"_links":{"self":[{"href":"https:\/\/trgovina.geocacher.si\/en\/wp-json\/wp\/v2\/product\/1901","targetHints":{"allow":["GET"]}}],"collection":[{"href":"https:\/\/trgovina.geocacher.si\/en\/wp-json\/wp\/v2\/product"}],"about":[{"href":"https:\/\/trgovina.geocacher.si\/en\/wp-json\/wp\/v2\/types\/product"}],"wp:featuredmedia":[{"embeddable":true,"href":"https:\/\/trgovina.geocacher.si\/en\/wp-json\/wp\/v2\/media\/1902"}],"wp:attachment":[{"href":"https:\/\/trgovina.geocacher.si\/en\/wp-json\/wp\/v2\/media?parent=1901"}],"wp:term":[{"taxonomy":"product_brand","embeddable":true,"href":"https:\/\/trgovina.geocacher.si\/en\/wp-json\/wp\/v2\/product_brand?post=1901"},{"taxonomy":"product_cat","embeddable":true,"href":"https:\/\/trgovina.geocacher.si\/en\/wp-json\/wp\/v2\/product_cat?post=1901"},{"taxonomy":"product_tag","embeddable":true,"href":"https:\/\/trgovina.geocacher.si\/en\/wp-json\/wp\/v2\/product_tag?post=1901"}],"curies":[{"name":"wp","href":"https:\/\/api.w.org\/{rel}","templated":true}]}}