{"id":1953,"date":"2021-05-02T11:27:03","date_gmt":"2021-05-02T09:27:03","guid":{"rendered":"https:\/\/trgovina.geocacher.si\/?post_type=product&#038;p=1953"},"modified":"2025-09-21T22:16:13","modified_gmt":"2025-09-21T20:16:13","slug":"earthcache-fosil-sledljiva-ploscica","status":"publish","type":"product","link":"https:\/\/trgovina.geocacher.si\/en\/product\/earthcache-fosil-sledljiva-ploscica\/","title":{"rendered":"EarthCache\u2122 Fossil Tag"},"content":{"rendered":"<p>EarthCache\u2122 zakladi so, to zanesljivo veste, zakladi, ki obiskovalcu prika\u017eejo geolo\u0161ko posebnost. \u0160katlico boste na lokaciji te vrste zaklada iskali zaman, nekaj otipljivega po najdbi navdu\u0161ujo\u010dega geolo\u0161kega zaklada pa vam vendarle lahko ostane. Na primer EarthCache\u2122 sledljiva plo\u0161\u010dica z motivom fosila. Z njo lahko bele\u017eite svojo pot od zaklada do zaklada ali jo po\u0161ljete na pot po svetu.<\/p>\n<p>Plo\u0161\u010dice merijo do pribli\u017eno 4,5 \u00d7 3,5 cm. Veri\u017eica je prilo\u017eena, potnika, ki ga boste pripeli nanjo, pa izberete sami.<\/p>\n<p>&nbsp;<\/p>","protected":false},"excerpt":{"rendered":"<p>EarthCache\u2122 sledljiva plo\u0161\u010dica z motivom fosila: trilobit, zob morskega psa ali riba.<\/p>","protected":false},"featured_media":1969,"template":"","meta":[],"product_brand":[],"product_cat":[220,66,67,31],"product_tag":[],"class_list":{"0":"post-1953","1":"product","2":"type-product","3":"status-publish","4":"has-post-thumbnail","6":"product_cat-earthcache","7":"product_cat-geocaching","8":"product_cat-ploscice-travel-tag","9":"product_cat-sledljivcki","11":"first","12":"outofstock","13":"shipping-taxable","14":"product-type-variable"},"_links":{"self":[{"href":"https:\/\/trgovina.geocacher.si\/en\/wp-json\/wp\/v2\/product\/1953","targetHints":{"allow":["GET"]}}],"collection":[{"href":"https:\/\/trgovina.geocacher.si\/en\/wp-json\/wp\/v2\/product"}],"about":[{"href":"https:\/\/trgovina.geocacher.si\/en\/wp-json\/wp\/v2\/types\/product"}],"wp:featuredmedia":[{"embeddable":true,"href":"https:\/\/trgovina.geocacher.si\/en\/wp-json\/wp\/v2\/media\/1969"}],"wp:attachment":[{"href":"https:\/\/trgovina.geocacher.si\/en\/wp-json\/wp\/v2\/media?parent=1953"}],"wp:term":[{"taxonomy":"product_brand","embeddable":true,"href":"https:\/\/trgovina.geocacher.si\/en\/wp-json\/wp\/v2\/product_brand?post=1953"},{"taxonomy":"product_cat","embeddable":true,"href":"https:\/\/trgovina.geocacher.si\/en\/wp-json\/wp\/v2\/product_cat?post=1953"},{"taxonomy":"product_tag","embeddable":true,"href":"https:\/\/trgovina.geocacher.si\/en\/wp-json\/wp\/v2\/product_tag?post=1953"}],"curies":[{"name":"wp","href":"https:\/\/api.w.org\/{rel}","templated":true}]}}