{"id":2681,"date":"2022-03-28T13:15:36","date_gmt":"2022-03-28T11:15:36","guid":{"rendered":"https:\/\/trgovina.geocacher.si\/?post_type=product&#038;p=2681"},"modified":"2025-12-02T06:46:48","modified_gmt":"2025-12-02T05:46:48","slug":"geoljubljana-2022-zenska-majica","status":"publish","type":"product","link":"https:\/\/trgovina.geocacher.si\/en\/product\/geoljubljana-2022-zenska-majica\/","title":{"rendered":"geoLjubljana 2022 T-shirt Women"},"content":{"rendered":"<p>Women's T-shirt of the geoLjubljana 2022 Mega-Event. Tradi the Dragon in a cute minimalist appearance on the front. On the back, Geocaching logo in regular and tracking code in trackable version (+2 EUR). In Navy Blue colour. Please, consult the size chart before ordering.<\/p>\n<ul>\n<li>Fitted cut<\/li>\n<li>190 g and 100 % Jersey cotton<\/li>\n<li>Rib collar with reinforcing jersey tape<\/li>\n<li>Double stitch on sleeves and bottom of article<\/li>\n<\/ul>\n<p>Available in sizes from S to 2XL.<\/p>\n<p><img fetchpriority=\"high\" decoding=\"async\" class=\"alignleft wp-image-2708 size-full\" src=\"https:\/\/trgovina.geocacher.si\/wp-content\/uploads\/2022\/03\/sizes_women.png\" alt=\"\" width=\"700\" height=\"154\" srcset=\"https:\/\/trgovina.geocacher.si\/wp-content\/uploads\/2022\/03\/sizes_women.png 700w, https:\/\/trgovina.geocacher.si\/wp-content\/uploads\/2022\/03\/sizes_women-300x66.png 300w, https:\/\/trgovina.geocacher.si\/wp-content\/uploads\/2022\/03\/sizes_women-18x4.png 18w, https:\/\/trgovina.geocacher.si\/wp-content\/uploads\/2022\/03\/sizes_women-600x132.png 600w\" sizes=\"(max-width: 700px) 100vw, 700px\" \/><\/p>","protected":false},"excerpt":{"rendered":"<p>\u017denska majica prvega slovenskega mega geolovskega dogodka geoLjubljana 2022. Zmaj\u010dek Tradi tokrat v ljubki minimalisti\u010dni izvedbi. Navadna majica ima na hrbtu natisnjen Geocaching logotip, sledljiva majica pa sledilno kodo. Na voljo v mornarsko modri (Navy Blue) barvi. Preverite velikost po tabeli spodaj, preden naro\u010dite. <strong>Samo \u0161e trije kosi, en velikosti S in dva M.<\/strong><\/p>","protected":false},"featured_media":2693,"template":"","meta":[],"product_brand":[],"product_cat":[201,242,30,207],"product_tag":[],"class_list":{"0":"post-2681","1":"product","2":"type-product","3":"status-publish","4":"has-post-thumbnail","6":"product_cat-geoljubljana2022","7":"product_cat-kamnik2025","8":"product_cat-oblacila","9":"product_cat-slovenski-geolovski-spominki","11":"first","12":"instock","13":"shipping-taxable","14":"purchasable","15":"product-type-variable"},"_links":{"self":[{"href":"https:\/\/trgovina.geocacher.si\/en\/wp-json\/wp\/v2\/product\/2681","targetHints":{"allow":["GET"]}}],"collection":[{"href":"https:\/\/trgovina.geocacher.si\/en\/wp-json\/wp\/v2\/product"}],"about":[{"href":"https:\/\/trgovina.geocacher.si\/en\/wp-json\/wp\/v2\/types\/product"}],"wp:featuredmedia":[{"embeddable":true,"href":"https:\/\/trgovina.geocacher.si\/en\/wp-json\/wp\/v2\/media\/2693"}],"wp:attachment":[{"href":"https:\/\/trgovina.geocacher.si\/en\/wp-json\/wp\/v2\/media?parent=2681"}],"wp:term":[{"taxonomy":"product_brand","embeddable":true,"href":"https:\/\/trgovina.geocacher.si\/en\/wp-json\/wp\/v2\/product_brand?post=2681"},{"taxonomy":"product_cat","embeddable":true,"href":"https:\/\/trgovina.geocacher.si\/en\/wp-json\/wp\/v2\/product_cat?post=2681"},{"taxonomy":"product_tag","embeddable":true,"href":"https:\/\/trgovina.geocacher.si\/en\/wp-json\/wp\/v2\/product_tag?post=2681"}],"curies":[{"name":"wp","href":"https:\/\/api.w.org\/{rel}","templated":true}]}}