{"id":3362,"date":"2023-03-03T11:13:08","date_gmt":"2023-03-03T10:13:08","guid":{"rendered":"https:\/\/trgovina.geocacher.si\/?post_type=product&#038;p=3362"},"modified":"2025-10-09T08:17:40","modified_gmt":"2025-10-09T06:17:40","slug":"nano-dnevnik-vodoodporen","status":"publish","type":"product","link":"https:\/\/trgovina.geocacher.si\/en\/product\/nano-dnevnik-vodoodporen\/","title":{"rendered":"Nano dnevnik, vodoodporen"},"content":{"rendered":"<p>Nadomestni dnevnik za <a href=\"https:\/\/trgovina.geocacher.si\/en\/product\/komplet-nano\/\">klasi\u010dni nano vsebnik<\/a>. Izdelan je iz razmeroma vodoodpornega Rite in the Rain\u00ae papirja, na katerega se je mogo\u010de vpisati tudi, \u010de je nekoliko vla\u017een. Na njem je 35 o\u0161tevil\u010denih razdelkov za vpise. Papirja nekaj (ali tudi nekoliko ve\u010d) vlage ne bo uni\u010dilo. Seveda pa je treba vsebnik, ki pu\u0161\u010da, takoj nadomestiti. Dobra novica je vsaj to, da dnevnik ne gre v ni\u010d. In \u010de se spra\u0161ujete: fotografija potrjuje, da ga lahko v pokrov\u010dek vsebnika zvije tudi povpre\u010dno spreten geolovec.<\/p>","protected":false},"excerpt":{"rendered":"<p>Nadomestni dnevnik za klasi\u010dni nano vsebnik, izdelan iz razmeroma vodoodpornega Rite in the Rain\u00ae papirja. Da, mogo\u010de ga je zviti v pokrov\u010dek vsebnika. Ne, vsebnik ni vklju\u010den v ceno.<\/p>","protected":false},"featured_media":3363,"template":"","meta":[],"product_brand":[],"product_cat":[156,114],"product_tag":[],"class_list":{"0":"post-3362","1":"product","2":"type-product","3":"status-publish","4":"has-post-thumbnail","6":"product_cat-oprema-za-zaklade","7":"product_cat-postavljanje-zakladov","9":"first","10":"instock","11":"shipping-taxable","12":"purchasable","13":"product-type-simple"},"_links":{"self":[{"href":"https:\/\/trgovina.geocacher.si\/en\/wp-json\/wp\/v2\/product\/3362","targetHints":{"allow":["GET"]}}],"collection":[{"href":"https:\/\/trgovina.geocacher.si\/en\/wp-json\/wp\/v2\/product"}],"about":[{"href":"https:\/\/trgovina.geocacher.si\/en\/wp-json\/wp\/v2\/types\/product"}],"wp:featuredmedia":[{"embeddable":true,"href":"https:\/\/trgovina.geocacher.si\/en\/wp-json\/wp\/v2\/media\/3363"}],"wp:attachment":[{"href":"https:\/\/trgovina.geocacher.si\/en\/wp-json\/wp\/v2\/media?parent=3362"}],"wp:term":[{"taxonomy":"product_brand","embeddable":true,"href":"https:\/\/trgovina.geocacher.si\/en\/wp-json\/wp\/v2\/product_brand?post=3362"},{"taxonomy":"product_cat","embeddable":true,"href":"https:\/\/trgovina.geocacher.si\/en\/wp-json\/wp\/v2\/product_cat?post=3362"},{"taxonomy":"product_tag","embeddable":true,"href":"https:\/\/trgovina.geocacher.si\/en\/wp-json\/wp\/v2\/product_tag?post=3362"}],"curies":[{"name":"wp","href":"https:\/\/api.w.org\/{rel}","templated":true}]}}