{"id":3366,"date":"2023-03-03T10:57:32","date_gmt":"2023-03-03T09:57:32","guid":{"rendered":"https:\/\/trgovina.geocacher.si\/?post_type=product&#038;p=3366"},"modified":"2026-03-23T13:06:31","modified_gmt":"2026-03-23T12:06:31","slug":"mikro-dnevnik-vodoodporen","status":"publish","type":"product","link":"https:\/\/trgovina.geocacher.si\/en\/product\/mikro-dnevnik-vodoodporen\/","title":{"rendered":"Mikro dnevnik, vodoodporen"},"content":{"rendered":"<p>Nadomestni dnevnik za <a href=\"https:\/\/shop.geocaching.com\/default\/geocaching-supplies\/cache-containers\/micro\/bison-capsule-green.html\" target=\"_blank\" rel=\"noopener\">Bison in podobne<\/a> mikro vsebnike. Izdelan je iz razmeroma vodoodpornega Rite in the Rain\u00ae papirja, na katerega se je mogo\u010de vpisati tudi, \u010de je nekoliko vla\u017een. Na njem je 44 o\u0161tevil\u010denih razdelkov za vpise. Papirja nekaj (ali tudi nekoliko ve\u010d) vlage ne bo uni\u010dilo. Seveda pa je treba vsebnik, ki pu\u0161\u010da, takoj nadomestiti. Dobra novica je vsaj to, da dnevnik ne gre v ni\u010d.<\/p>","protected":false},"excerpt":{"rendered":"<p>Nadomestni dnevnik za <a href=\"https:\/\/shop.geocaching.com\/default\/geocaching-supplies\/cache-containers\/micro\/bison-capsule-green.html\" target=\"_blank\" rel=\"noopener\">Bison in podobne<\/a> mikro vsebnike, izdelan iz razmeroma vodoodpornega Rite in the Rain\u00ae papirja.<\/p>","protected":false},"featured_media":3364,"template":"","meta":[],"product_brand":[],"product_cat":[156,114],"product_tag":[],"class_list":{"0":"post-3366","1":"product","2":"type-product","3":"status-publish","4":"has-post-thumbnail","6":"product_cat-oprema-za-zaklade","7":"product_cat-postavljanje-zakladov","9":"first","10":"instock","11":"shipping-taxable","12":"purchasable","13":"product-type-simple"},"_links":{"self":[{"href":"https:\/\/trgovina.geocacher.si\/en\/wp-json\/wp\/v2\/product\/3366","targetHints":{"allow":["GET"]}}],"collection":[{"href":"https:\/\/trgovina.geocacher.si\/en\/wp-json\/wp\/v2\/product"}],"about":[{"href":"https:\/\/trgovina.geocacher.si\/en\/wp-json\/wp\/v2\/types\/product"}],"wp:featuredmedia":[{"embeddable":true,"href":"https:\/\/trgovina.geocacher.si\/en\/wp-json\/wp\/v2\/media\/3364"}],"wp:attachment":[{"href":"https:\/\/trgovina.geocacher.si\/en\/wp-json\/wp\/v2\/media?parent=3366"}],"wp:term":[{"taxonomy":"product_brand","embeddable":true,"href":"https:\/\/trgovina.geocacher.si\/en\/wp-json\/wp\/v2\/product_brand?post=3366"},{"taxonomy":"product_cat","embeddable":true,"href":"https:\/\/trgovina.geocacher.si\/en\/wp-json\/wp\/v2\/product_cat?post=3366"},{"taxonomy":"product_tag","embeddable":true,"href":"https:\/\/trgovina.geocacher.si\/en\/wp-json\/wp\/v2\/product_tag?post=3366"}],"curies":[{"name":"wp","href":"https:\/\/api.w.org\/{rel}","templated":true}]}}