{"id":3379,"date":"2023-03-14T19:06:03","date_gmt":"2023-03-14T18:06:03","guid":{"rendered":"https:\/\/trgovina.geocacher.si\/?post_type=product&#038;p=3379"},"modified":"2026-02-25T09:17:07","modified_gmt":"2026-02-25T08:17:07","slug":"cito-mikro-geokovanec","status":"publish","type":"product","link":"https:\/\/trgovina.geocacher.si\/en\/product\/cito-mikro-geokovanec\/","title":{"rendered":"CITO mikro geokovanec"},"content":{"rendered":"<p>CITO dogodki so posebna vrsta dru\u017eenja geolovcev: namesto geoklepetu se udele\u017eenci vsaj za eno uro posvetijo dejavnosti, usmerjeni v ohranjanje, obnavljanje in\/ali izbolj\u0161anje naravnega ali tudi urbanega okolja. Pobiranje smeti, odstranjevanje invazivnih rastlin, obnavljanje poti, pomo\u010d dvo\u017eivkam na poti do mresti\u0161\u010d&#8230; Mo\u017enosti je veliko.<\/p>\n<p>Za udele\u017ebo na takem dogodku se lahko nagradite z mikro geokovancem s CITO logotipom. Ali pa ga privo\u0161\u010dite kakemu posebej sre\u010dnemu udele\u017eencu tovrstnega dogodka, ki ga organizirate sami. Ali pa si ga omislite kar tako, ker je pa\u010d simpati\u010den sledljiv\u010dek. Z 2,5 cm premera niti ni tako zelo mikro.<\/p>\n<p>&nbsp;<\/p>","protected":false},"excerpt":{"rendered":"<p>Mikro geokovanec premera 2,5 cm s CITO logotipom. Spomin na va\u0161o udele\u017ebo na CITO dogodku ali nagrada kakemu posebej sre\u010dnemu udele\u017eencu dogodka, ki ga organizirate sami. Ali za kako drugo prilo\u017enost.<\/p>","protected":false},"featured_media":3389,"template":"","meta":[],"product_brand":[],"product_cat":[32,31],"product_tag":[248],"class_list":{"0":"post-3379","1":"product","2":"type-product","3":"status-publish","4":"has-post-thumbnail","6":"product_cat-geokovanci","7":"product_cat-sledljivcki","8":"product_tag-cito","10":"first","11":"instock","12":"shipping-taxable","13":"purchasable","14":"product-type-simple"},"_links":{"self":[{"href":"https:\/\/trgovina.geocacher.si\/en\/wp-json\/wp\/v2\/product\/3379","targetHints":{"allow":["GET"]}}],"collection":[{"href":"https:\/\/trgovina.geocacher.si\/en\/wp-json\/wp\/v2\/product"}],"about":[{"href":"https:\/\/trgovina.geocacher.si\/en\/wp-json\/wp\/v2\/types\/product"}],"wp:featuredmedia":[{"embeddable":true,"href":"https:\/\/trgovina.geocacher.si\/en\/wp-json\/wp\/v2\/media\/3389"}],"wp:attachment":[{"href":"https:\/\/trgovina.geocacher.si\/en\/wp-json\/wp\/v2\/media?parent=3379"}],"wp:term":[{"taxonomy":"product_brand","embeddable":true,"href":"https:\/\/trgovina.geocacher.si\/en\/wp-json\/wp\/v2\/product_brand?post=3379"},{"taxonomy":"product_cat","embeddable":true,"href":"https:\/\/trgovina.geocacher.si\/en\/wp-json\/wp\/v2\/product_cat?post=3379"},{"taxonomy":"product_tag","embeddable":true,"href":"https:\/\/trgovina.geocacher.si\/en\/wp-json\/wp\/v2\/product_tag?post=3379"}],"curies":[{"name":"wp","href":"https:\/\/api.w.org\/{rel}","templated":true}]}}