{"id":3385,"date":"2023-03-24T07:08:02","date_gmt":"2023-03-24T06:08:02","guid":{"rendered":"https:\/\/trgovina.geocacher.si\/?post_type=product&#038;p=3385"},"modified":"2025-04-27T11:42:54","modified_gmt":"2025-04-27T09:42:54","slug":"nalepka-za-zaklad","status":"publish","type":"product","link":"https:\/\/trgovina.geocacher.si\/en\/product\/nalepka-za-zaklad\/","title":{"rendered":"Nalepka za zaklad"},"content":{"rendered":"<p>Geolovske smernice priporo\u010dajo, naj bo vsebnik, ki ga skrijete, primerno ozna\u010den. Da bodo morebitni bunklji, ki bi ga na\u0161li po naklju\u010dju, takoj vedeli, da gre za povsem ne\u0161kodljivo zadevo. Najla\u017eje boste to storili z nalepko, na katero vpi\u0161ete vse podatke o zakladu. Njena velikost je 95 x 57 mm in se lepo prilega vsem vsebnikom od majhne Lock &amp; Lock \u0161katle naprej. Tudi okoli petlinga se lepo ovije, \u010de jo prilepite po dol\u017eini. S podlago maskirne barve in vodoodporna.<\/p>","protected":false},"excerpt":{"rendered":"<p>Nalepka za ozna\u010devanje zakladov velikosti 95 x 57 mm. Uporabna za vse vrste vsebnikov, tudi za petlinge, in vodoodporna. Bunkljem, ki bi po naklju\u010dju na\u0161li va\u0161 zaklad, bo takoj vse jasno.<\/p>","protected":false},"featured_media":3386,"template":"","meta":[],"product_brand":[],"product_cat":[156],"product_tag":[],"class_list":{"0":"post-3385","1":"product","2":"type-product","3":"status-publish","4":"has-post-thumbnail","6":"product_cat-oprema-za-zaklade","8":"first","9":"instock","10":"shipping-taxable","11":"purchasable","12":"product-type-simple"},"_links":{"self":[{"href":"https:\/\/trgovina.geocacher.si\/en\/wp-json\/wp\/v2\/product\/3385","targetHints":{"allow":["GET"]}}],"collection":[{"href":"https:\/\/trgovina.geocacher.si\/en\/wp-json\/wp\/v2\/product"}],"about":[{"href":"https:\/\/trgovina.geocacher.si\/en\/wp-json\/wp\/v2\/types\/product"}],"wp:featuredmedia":[{"embeddable":true,"href":"https:\/\/trgovina.geocacher.si\/en\/wp-json\/wp\/v2\/media\/3386"}],"wp:attachment":[{"href":"https:\/\/trgovina.geocacher.si\/en\/wp-json\/wp\/v2\/media?parent=3385"}],"wp:term":[{"taxonomy":"product_brand","embeddable":true,"href":"https:\/\/trgovina.geocacher.si\/en\/wp-json\/wp\/v2\/product_brand?post=3385"},{"taxonomy":"product_cat","embeddable":true,"href":"https:\/\/trgovina.geocacher.si\/en\/wp-json\/wp\/v2\/product_cat?post=3385"},{"taxonomy":"product_tag","embeddable":true,"href":"https:\/\/trgovina.geocacher.si\/en\/wp-json\/wp\/v2\/product_tag?post=3385"}],"curies":[{"name":"wp","href":"https:\/\/api.w.org\/{rel}","templated":true}]}}