{"id":3390,"date":"2023-04-01T21:19:34","date_gmt":"2023-04-01T19:19:34","guid":{"rendered":"https:\/\/trgovina.geocacher.si\/?post_type=product&#038;p=3390"},"modified":"2026-02-25T09:16:55","modified_gmt":"2026-02-25T08:16:55","slug":"cito-sledljiva-ploscica","status":"publish","type":"product","link":"https:\/\/trgovina.geocacher.si\/en\/product\/cito-sledljiva-ploscica\/","title":{"rendered":"CITO sledljiva plo\u0161\u010dica"},"content":{"rendered":"<p>CITO dogodki so posebna vrsta dru\u017eenja geolovcev: namesto geoklepetu se udele\u017eenci vsaj za eno uro posvetijo dejavnosti, usmerjeni v ohranjanje, obnavljanje in\/ali izbolj\u0161anje naravnega ali tudi urbanega okolja. Pobiranje smeti, odstranjevanje invazivnih rastlin, obnavljanje poti, pomo\u010d dvo\u017eivkam na poti do mresti\u0161\u010d&#8230; Mo\u017enosti je veliko.<\/p>\n<p>Za udele\u017ebo na takem dogodku se lahko nagradite s sledljivo plo\u0161\u010dico s CITO logotipom. Ali pa jo privo\u0161\u010dite kakemu posebej sre\u010dnemu udele\u017eencu tovrstnega dogodka, ki ga organizirate sami. Ali pa si jo omislite kar tako, ker je pa\u010d simpati\u010den sledljiv\u010dek. In jo po\u0161ljete na pot po svetu. Od zaklada do zaklada ali od CITO dogodka do CITO dogodka.<\/p>\n<p>Plo\u0161\u010dica ima premer pribli\u017eno 2,5 cm. Veri\u017eica za potnika je prilo\u017eena.<\/p>","protected":false},"excerpt":{"rendered":"<p>Sledljiva plo\u0161\u010dica s CITO logotipom. Spomin na va\u0161o udele\u017ebo na CITO dogodku ali nagrada kakemu posebej sre\u010dnemu udele\u017eencu dogodka, ki ga organizirate sami. Ali za potovanje po svetu, od zaklada do zaklada ali od CITO dogodka do CITO dogodka.<\/p>","protected":false},"featured_media":3391,"template":"","meta":[],"product_brand":[],"product_cat":[67,31],"product_tag":[248],"class_list":{"0":"post-3390","1":"product","2":"type-product","3":"status-publish","4":"has-post-thumbnail","6":"product_cat-ploscice-travel-tag","7":"product_cat-sledljivcki","8":"product_tag-cito","10":"first","11":"instock","12":"shipping-taxable","13":"purchasable","14":"product-type-simple"},"_links":{"self":[{"href":"https:\/\/trgovina.geocacher.si\/en\/wp-json\/wp\/v2\/product\/3390","targetHints":{"allow":["GET"]}}],"collection":[{"href":"https:\/\/trgovina.geocacher.si\/en\/wp-json\/wp\/v2\/product"}],"about":[{"href":"https:\/\/trgovina.geocacher.si\/en\/wp-json\/wp\/v2\/types\/product"}],"wp:featuredmedia":[{"embeddable":true,"href":"https:\/\/trgovina.geocacher.si\/en\/wp-json\/wp\/v2\/media\/3391"}],"wp:attachment":[{"href":"https:\/\/trgovina.geocacher.si\/en\/wp-json\/wp\/v2\/media?parent=3390"}],"wp:term":[{"taxonomy":"product_brand","embeddable":true,"href":"https:\/\/trgovina.geocacher.si\/en\/wp-json\/wp\/v2\/product_brand?post=3390"},{"taxonomy":"product_cat","embeddable":true,"href":"https:\/\/trgovina.geocacher.si\/en\/wp-json\/wp\/v2\/product_cat?post=3390"},{"taxonomy":"product_tag","embeddable":true,"href":"https:\/\/trgovina.geocacher.si\/en\/wp-json\/wp\/v2\/product_tag?post=3390"}],"curies":[{"name":"wp","href":"https:\/\/api.w.org\/{rel}","templated":true}]}}