{"id":3453,"date":"2023-09-17T11:47:39","date_gmt":"2023-09-17T09:47:39","guid":{"rendered":"https:\/\/trgovina.geocacher.si\/?post_type=product&#038;p=3453"},"modified":"2026-04-10T23:02:29","modified_gmt":"2026-04-10T21:02:29","slug":"mini-nasitek-geocaching","status":"publish","type":"product","link":"https:\/\/trgovina.geocacher.si\/en\/product\/mini-nasitek-geocaching\/","title":{"rendered":"Mini na\u0161itek Geocaching"},"content":{"rendered":"<p>Vam gre na \u017eivce, da vas ljudje spra\u0161ujejo, \u010de lovite Pokemone? Imamo pravo re\u0161itev za vas! Z na\u0161itkom Geocaching bo vsakomur jasno, da ste geolovec. Vsaj geolovcem. Bunkljem bo morda kljub temu treba vse razlo\u017eiti od za\u010detka. Na\u0161itek boste zlahka pritrdili na svoje najljub\u0161e geoobla\u010dilo ali geoopremo s \u0161ivom ali je\u017ekom (na zadnji strani ima Velcro prevleko). Na\u0161itek meri\u00a0 3,8 \u00d7 7,6 cm. Ravno prav majhen, da ni prevelik, in ravno prav velik, da ni premajhen. Modni dodatek, ki ga morate imeti!<\/p>\n<p><strong>Available as preorder. Order now and collect at the <a href=\"https:\/\/kamnik2025.geocacher.si\/\" target=\"_blank\" rel=\"noopener\">Block Party event in Kamnik<\/a>.<\/strong><\/p>","protected":false},"excerpt":{"rendered":"<p>Modni dodatek, ki ga lahko pritrdite na svojo najljub\u0161o geoopremo z je\u017ekom ali \u0161ivom. Ravno prav majhen, da ni prevelik, in ravno prav velik, da ni premajhen. <strong>Available as preorder. Order now and collect at the <a href=\"https:\/\/kamnik2025.geocacher.si\/\" target=\"_blank\" rel=\"noopener\">Block Party event in Kamnik<\/a>.<\/strong><\/p>","protected":false},"featured_media":3545,"template":"","meta":[],"product_brand":[],"product_cat":[66,112,139],"product_tag":[],"class_list":{"0":"post-3453","1":"product","2":"type-product","3":"status-publish","4":"has-post-thumbnail","6":"product_cat-geocaching","7":"product_cat-oprema","8":"product_cat-oprema-nasitki","10":"first","11":"instock","12":"shipping-taxable","13":"purchasable","14":"product-type-simple"},"_links":{"self":[{"href":"https:\/\/trgovina.geocacher.si\/en\/wp-json\/wp\/v2\/product\/3453","targetHints":{"allow":["GET"]}}],"collection":[{"href":"https:\/\/trgovina.geocacher.si\/en\/wp-json\/wp\/v2\/product"}],"about":[{"href":"https:\/\/trgovina.geocacher.si\/en\/wp-json\/wp\/v2\/types\/product"}],"wp:featuredmedia":[{"embeddable":true,"href":"https:\/\/trgovina.geocacher.si\/en\/wp-json\/wp\/v2\/media\/3545"}],"wp:attachment":[{"href":"https:\/\/trgovina.geocacher.si\/en\/wp-json\/wp\/v2\/media?parent=3453"}],"wp:term":[{"taxonomy":"product_brand","embeddable":true,"href":"https:\/\/trgovina.geocacher.si\/en\/wp-json\/wp\/v2\/product_brand?post=3453"},{"taxonomy":"product_cat","embeddable":true,"href":"https:\/\/trgovina.geocacher.si\/en\/wp-json\/wp\/v2\/product_cat?post=3453"},{"taxonomy":"product_tag","embeddable":true,"href":"https:\/\/trgovina.geocacher.si\/en\/wp-json\/wp\/v2\/product_tag?post=3453"}],"curies":[{"name":"wp","href":"https:\/\/api.w.org\/{rel}","templated":true}]}}