{"id":3522,"date":"2023-11-15T11:19:35","date_gmt":"2023-11-15T10:19:35","guid":{"rendered":"https:\/\/trgovina.geocacher.si\/?post_type=product&#038;p=3522"},"modified":"2025-01-23T16:31:58","modified_gmt":"2025-01-23T15:31:58","slug":"prazniki-2023-sledljiva-ploscica","status":"publish","type":"product","link":"https:\/\/trgovina.geocacher.si\/en\/product\/prazniki-2023-sledljiva-ploscica\/","title":{"rendered":"Prazniki 2023 sledljiva plo\u0161\u010dica"},"content":{"rendered":"<p><strong>Promocijski sledljiv\u010dek prazni\u010dne sezone 2023<\/strong> je tudi tokrat geolovska variacija znane bo\u017ei\u010dno-novoletno-zimske teme. Vsem znani popotni hro\u0161\u010dek oziroma Travel Bug\u00ae na sledljivi plo\u0161\u010dici tokrat krasi sne\u017eaka. Popestril bo vsako bo\u017ei\u010dno geodekoracijo in se v topli sobi ob vro\u010dem prazni\u010dnem \u010daju zlepa ne bo stalil. Plo\u0161\u010dica je obi\u010dajne velikosti za tovrstne izdelke. Kupiti je ni mogo\u010de, brezpla\u010dno pa dodamo naro\u010dilu po eno za vsakih porabljenih 20 EUR (ne vklju\u010duje nakupa darilne kartice in po\u0161tnine). <strong>Dokler jih \u0161e imamo na zalogi.<\/strong><\/p>","protected":false},"excerpt":{"rendered":"<p>Promocijski sledljiv\u010dek prazni\u010dne sezone 2023. Brezpla\u010dno dodamo naro\u010dilu po enega za vsakih porabljenih 20 EUR (ne vklju\u010duje nakupa darilne kartice in po\u0161tnine). Dokler jih \u0161e imamo, seveda. <strong>Na voljo jih je \u0161e dovolj.<\/strong><\/p>","protected":false},"featured_media":3521,"template":"","meta":[],"product_brand":[],"product_cat":[67,31],"product_tag":[],"class_list":{"0":"post-3522","1":"product","2":"type-product","3":"status-publish","4":"has-post-thumbnail","6":"product_cat-ploscice-travel-tag","7":"product_cat-sledljivcki","9":"first","10":"outofstock","11":"shipping-taxable","12":"purchasable","13":"product-type-simple"},"_links":{"self":[{"href":"https:\/\/trgovina.geocacher.si\/en\/wp-json\/wp\/v2\/product\/3522","targetHints":{"allow":["GET"]}}],"collection":[{"href":"https:\/\/trgovina.geocacher.si\/en\/wp-json\/wp\/v2\/product"}],"about":[{"href":"https:\/\/trgovina.geocacher.si\/en\/wp-json\/wp\/v2\/types\/product"}],"wp:featuredmedia":[{"embeddable":true,"href":"https:\/\/trgovina.geocacher.si\/en\/wp-json\/wp\/v2\/media\/3521"}],"wp:attachment":[{"href":"https:\/\/trgovina.geocacher.si\/en\/wp-json\/wp\/v2\/media?parent=3522"}],"wp:term":[{"taxonomy":"product_brand","embeddable":true,"href":"https:\/\/trgovina.geocacher.si\/en\/wp-json\/wp\/v2\/product_brand?post=3522"},{"taxonomy":"product_cat","embeddable":true,"href":"https:\/\/trgovina.geocacher.si\/en\/wp-json\/wp\/v2\/product_cat?post=3522"},{"taxonomy":"product_tag","embeddable":true,"href":"https:\/\/trgovina.geocacher.si\/en\/wp-json\/wp\/v2\/product_tag?post=3522"}],"curies":[{"name":"wp","href":"https:\/\/api.w.org\/{rel}","templated":true}]}}