{"id":3688,"date":"2024-05-18T08:23:01","date_gmt":"2024-05-18T06:23:01","guid":{"rendered":"https:\/\/trgovina.geocacher.si\/?post_type=product&#038;p=3688"},"modified":"2026-03-14T12:06:05","modified_gmt":"2026-03-14T11:06:05","slug":"komplet-nano-z-obeskom","status":"publish","type":"product","link":"https:\/\/trgovina.geocacher.si\/en\/product\/komplet-nano-z-obeskom\/","title":{"rendered":"Komplet nano z obeskom"},"content":{"rendered":"<p>Nano zakladi. Eni jih ljubijo, drugi sovra\u017eijo. \u010ce je ljubezen \u0161e tako velika, je na resni preizku\u0161nji, ko je treba spet zviti vpisni listek. V kompletu sta:<\/p>\n<ul>\n<li style=\"list-style-type: none;\">\n<ul>\n<li>Nano vsebnik z Geocaching logotipom in obeskom<\/li>\n<li>Vpisni listekn<\/li>\n<\/ul>\n<\/li>\n<\/ul>\n<p>\u010ce ste \u017ee skrbno prebrali <a href=\"https:\/\/www.geocaching.com\/play\/guidelines\" target=\"_blank\" rel=\"noopener noreferrer\">Smernice za postavljanje zakladov<\/a> in izbrali lokacijo, komplet samo \u0161e ustrezno ozna\u010dite in kar takoj odnesite v skrivali\u0161\u010de (vendar, prosimo, ne v gozd). Ker ima na pokrovu obro\u010dek, ga lahko tudi obesite. Tako bo mali vragec iskalce \u0161e bolj spravljal v obup.<\/p>","protected":false},"excerpt":{"rendered":"<p>Komplet za postavitev zaklada z nano vsebnikom in vpisnim listi\u010dem. \u010ce ste \u017ee izbrali lokacijo, komplet samo \u0161e ustrezno ozna\u010dite in kar takoj odnesite v skrivali\u0161\u010de. Ker ima na pokrovu obro\u010dek, ga lahko tudi kam obesite.<\/p>","protected":false},"featured_media":3692,"template":"","meta":[],"product_brand":[],"product_cat":[115,114],"product_tag":[],"class_list":{"0":"post-3688","1":"product","2":"type-product","3":"status-publish","4":"has-post-thumbnail","6":"product_cat-kompleti","7":"product_cat-postavljanje-zakladov","9":"first","10":"instock","11":"shipping-taxable","12":"purchasable","13":"product-type-simple"},"_links":{"self":[{"href":"https:\/\/trgovina.geocacher.si\/en\/wp-json\/wp\/v2\/product\/3688","targetHints":{"allow":["GET"]}}],"collection":[{"href":"https:\/\/trgovina.geocacher.si\/en\/wp-json\/wp\/v2\/product"}],"about":[{"href":"https:\/\/trgovina.geocacher.si\/en\/wp-json\/wp\/v2\/types\/product"}],"wp:featuredmedia":[{"embeddable":true,"href":"https:\/\/trgovina.geocacher.si\/en\/wp-json\/wp\/v2\/media\/3692"}],"wp:attachment":[{"href":"https:\/\/trgovina.geocacher.si\/en\/wp-json\/wp\/v2\/media?parent=3688"}],"wp:term":[{"taxonomy":"product_brand","embeddable":true,"href":"https:\/\/trgovina.geocacher.si\/en\/wp-json\/wp\/v2\/product_brand?post=3688"},{"taxonomy":"product_cat","embeddable":true,"href":"https:\/\/trgovina.geocacher.si\/en\/wp-json\/wp\/v2\/product_cat?post=3688"},{"taxonomy":"product_tag","embeddable":true,"href":"https:\/\/trgovina.geocacher.si\/en\/wp-json\/wp\/v2\/product_tag?post=3688"}],"curies":[{"name":"wp","href":"https:\/\/api.w.org\/{rel}","templated":true}]}}