{"id":3781,"date":"2024-11-17T12:41:41","date_gmt":"2024-11-17T11:41:41","guid":{"rendered":"https:\/\/trgovina.geocacher.si\/?post_type=product&#038;p=3781"},"modified":"2026-04-10T23:02:31","modified_gmt":"2026-04-10T21:02:31","slug":"community-celebration-sledljiva-ploscica-tb","status":"publish","type":"product","link":"https:\/\/trgovina.geocacher.si\/en\/product\/community-celebration-sledljiva-ploscica-tb\/","title":{"rendered":"Celebrating Community Party Travel Tag"},"content":{"rendered":"<p>V letu 2025 praznujemo 25. obletnico igre Geocaching. V \u010dast te obletnice bodo lahko geolovci, ki bodo do konca leta 2024 <a href=\"https:\/\/www.geocaching.com\/blog\/2024\/02\/celebrate-25-years-of-geocaching-at-community-celebration-events\/\" target=\"_blank\" rel=\"noopener\">izpolnili merila<\/a>, organizirali posebne Community Celebration dogodke. Udele\u017eba na dogodku te vrste bo nekaterim obogatila geolovsko statistiko z novo ikono, vsi udele\u017eenci si bodo prislu\u017eili prilo\u017enostni spominek v svoj geolovski profil. Na voljo pa so tudi bolj otipljivi spominki. Na primer ta vsestranska sledljiva plo\u0161\u010dica. Lahko jo porabite kot nagrado na sre\u010delovu na svojem dogodku ali kot nagrado samemu sebi za uspe\u0161no izpeljan dogodek. Ali pa kar kot obi\u010dajen potovalni sledljiv\u010dek, ki ga po\u0161ljete po svetu.<\/p>\n<p>Plo\u0161\u010dica je obi\u010dajne velikosti za tovrstne sledljiv\u010dke in je na voljo v petih praznovalnih motivih. Geolovci bodo zabele\u017eili sre\u010danje z njo s sledilno kodo, ki je vgravirana na zadnji strani. Veri\u017eica za sopotnika je prilo\u017eena.<\/p>","protected":false},"excerpt":{"rendered":"<p>Community Celebration sledljiva plo\u0161\u010dica v petih razli\u010dnih prazni\u010dnih motivih. Vsestransko uporabna kot nagrada oziroma spominek za organizatorja\/udele\u017eenca Community Celebration dogodka ali kot obi\u010dajen potovalni sledljiv\u010dek.<\/p>","protected":false},"featured_media":3787,"template":"","meta":[],"product_brand":[],"product_cat":[66,138,67,31],"product_tag":[],"class_list":{"0":"post-3781","1":"product","2":"type-product","3":"status-publish","4":"has-post-thumbnail","6":"product_cat-geocaching","7":"product_cat-25let","8":"product_cat-ploscice-travel-tag","9":"product_cat-sledljivcki","11":"first","12":"onbackorder","13":"shipping-taxable","14":"purchasable","15":"product-type-variable"},"_links":{"self":[{"href":"https:\/\/trgovina.geocacher.si\/en\/wp-json\/wp\/v2\/product\/3781","targetHints":{"allow":["GET"]}}],"collection":[{"href":"https:\/\/trgovina.geocacher.si\/en\/wp-json\/wp\/v2\/product"}],"about":[{"href":"https:\/\/trgovina.geocacher.si\/en\/wp-json\/wp\/v2\/types\/product"}],"wp:featuredmedia":[{"embeddable":true,"href":"https:\/\/trgovina.geocacher.si\/en\/wp-json\/wp\/v2\/media\/3787"}],"wp:attachment":[{"href":"https:\/\/trgovina.geocacher.si\/en\/wp-json\/wp\/v2\/media?parent=3781"}],"wp:term":[{"taxonomy":"product_brand","embeddable":true,"href":"https:\/\/trgovina.geocacher.si\/en\/wp-json\/wp\/v2\/product_brand?post=3781"},{"taxonomy":"product_cat","embeddable":true,"href":"https:\/\/trgovina.geocacher.si\/en\/wp-json\/wp\/v2\/product_cat?post=3781"},{"taxonomy":"product_tag","embeddable":true,"href":"https:\/\/trgovina.geocacher.si\/en\/wp-json\/wp\/v2\/product_tag?post=3781"}],"curies":[{"name":"wp","href":"https:\/\/api.w.org\/{rel}","templated":true}]}}