{"id":3828,"date":"2025-06-19T05:57:54","date_gmt":"2025-06-19T03:57:54","guid":{"rendered":"https:\/\/trgovina.geocacher.si\/?post_type=product&#038;p=3828"},"modified":"2025-12-09T19:16:32","modified_gmt":"2025-12-09T18:16:32","slug":"earthcache-sledljiva-ploscica-2024","status":"publish","type":"product","link":"https:\/\/trgovina.geocacher.si\/en\/product\/earthcache-sledljiva-ploscica-2024\/","title":{"rendered":"EarthCache\u2122 sledljiva plo\u0161\u010dica 2024"},"content":{"rendered":"<p>EarthCache\u2122 zakladi so, to zanesljivo veste, zakladi, ki obiskovalcu prika\u017eejo geolo\u0161ko posebnost. \u0160katlico boste na lokaciji te vrste zaklada iskali zaman, nekaj otipljivega po najdbi navdu\u0161ujo\u010dega geolo\u0161kega zaklada pa vam vendarle lahko ostane. Na primer ta EarthCache\u2122 sledljiva plo\u0161\u010dica z novim motivom v letu 2024. Lahko jo po\u0161ljete na pot po svetu odkrivat druge geolo\u0161ke zaklade ali z njo bele\u017eite svojo pot od zaklada do zaklada.<\/p>\n<p>Premer plo\u0161\u010dice je standardnih 3,8 cm. Veri\u017eica za potnika je prilo\u017eena.\u00a0<strong>Naro\u010dite do najkasneje 9. decembra 2025. Dobava pred prazniki oziroma osebni prevzem na dogodku 18. decembra v Ljubljani.<\/strong><\/p>","protected":false},"excerpt":{"rendered":"<p>\u0160katlico boste na lokaciji EarthCache\u2122 zaklada iskali zaman, nekaj otipljivega po najdbi navdu\u0161ujo\u010dega geolo\u0161kega zaklada pa vam vendarle lahko ostane. Sledljiva plo\u0161\u010dica z novim motivom iz leta 2024, recimo.\u00a0<strong>Naro\u010dite do najkasneje 9. decembra 2025. Dobava pred prazniki oziroma osebni prevzem na dogodku 18. decembra v Ljubljani.<\/strong><\/p>","protected":false},"featured_media":4833,"template":"","meta":[],"product_brand":[],"product_cat":[220,67,31],"product_tag":[],"class_list":{"0":"post-3828","1":"product","2":"type-product","3":"status-publish","4":"has-post-thumbnail","6":"product_cat-earthcache","7":"product_cat-ploscice-travel-tag","8":"product_cat-sledljivcki","10":"first","11":"outofstock","12":"shipping-taxable","13":"purchasable","14":"product-type-simple"},"_links":{"self":[{"href":"https:\/\/trgovina.geocacher.si\/en\/wp-json\/wp\/v2\/product\/3828","targetHints":{"allow":["GET"]}}],"collection":[{"href":"https:\/\/trgovina.geocacher.si\/en\/wp-json\/wp\/v2\/product"}],"about":[{"href":"https:\/\/trgovina.geocacher.si\/en\/wp-json\/wp\/v2\/types\/product"}],"wp:featuredmedia":[{"embeddable":true,"href":"https:\/\/trgovina.geocacher.si\/en\/wp-json\/wp\/v2\/media\/4833"}],"wp:attachment":[{"href":"https:\/\/trgovina.geocacher.si\/en\/wp-json\/wp\/v2\/media?parent=3828"}],"wp:term":[{"taxonomy":"product_brand","embeddable":true,"href":"https:\/\/trgovina.geocacher.si\/en\/wp-json\/wp\/v2\/product_brand?post=3828"},{"taxonomy":"product_cat","embeddable":true,"href":"https:\/\/trgovina.geocacher.si\/en\/wp-json\/wp\/v2\/product_cat?post=3828"},{"taxonomy":"product_tag","embeddable":true,"href":"https:\/\/trgovina.geocacher.si\/en\/wp-json\/wp\/v2\/product_tag?post=3828"}],"curies":[{"name":"wp","href":"https:\/\/api.w.org\/{rel}","templated":true}]}}