{"id":3992,"date":"2025-01-16T11:19:24","date_gmt":"2025-01-16T10:19:24","guid":{"rendered":"https:\/\/trgovina.geocacher.si\/?post_type=product&#038;p=3992"},"modified":"2026-04-10T23:02:31","modified_gmt":"2026-04-10T21:02:31","slug":"komplet-mikro-z-obeskom","status":"publish","type":"product","link":"https:\/\/trgovina.geocacher.si\/en\/product\/komplet-mikro-z-obeskom\/","title":{"rendered":"Komplet mikro z obeskom"},"content":{"rendered":"<p>Komplet za postavitev zaklada mikro velikosti (dol\u017eina in premer pribli\u017eno 5 cm in 1,5 cm). Aluminjast vsebnik z obro\u010dastim tesnilom (pogovorno po izvirnem proizvajalcu imenovan \u00bbBison\u00ab vsebnik) dobro kljubuje vlagi. Majhen, a ravno dovolj velik, da bodo najditelji ob zvijanju vpisnega listka (zvijete ga tako, da se prilega v pokrov!) bistveno manj preklinjali kot pri nano vsebnikih. V kompletu sta:<\/p>\n<ul>\n<li style=\"list-style-type: none;\">\n<ul>\n<li>mikro vsebnik z obeskom,<\/li>\n<li>razmeroma vodoodporen (Rite in the Rain\u00ae) vpisni listi\u010d z Geocaching logotipom in 44 razdelki za vpis.<\/li>\n<\/ul>\n<\/li>\n<\/ul>\n<p>\u010ce ste \u017ee skrbno prebrali <a href=\"https:\/\/www.geocaching.com\/play\/guidelines\" target=\"_blank\" rel=\"noopener noreferrer\">Smernice za postavljanje zakladov<\/a> in izbrali lokacijo, komplet samo \u0161e ustrezno ozna\u010dite in kar takoj odnesite v skrivali\u0161\u010de . Ker ima na pokrovu obro\u010dek, ga lahko tudi obesite. Tako bo vragec iskalce \u0161e bolj spravljal v obup.<\/p>","protected":false},"excerpt":{"rendered":"<p>Komplet za postavitev zaklada z mikro vsebnikom (\u00bbBison\u00ab) in vodoodpornim vpisnim listi\u010dem. \u010ce ste \u017ee izbrali lokacijo, komplet samo \u0161e ustrezno ozna\u010dite in kar takoj odnesite v skrivali\u0161\u010de. Ker ima na pokrovu obro\u010dek, ga lahko tudi kam obesite.<\/p>","protected":false},"featured_media":3997,"template":"","meta":[],"product_brand":[],"product_cat":[115,114],"product_tag":[],"class_list":{"0":"post-3992","1":"product","2":"type-product","3":"status-publish","4":"has-post-thumbnail","6":"product_cat-kompleti","7":"product_cat-postavljanje-zakladov","9":"first","10":"instock","11":"shipping-taxable","12":"purchasable","13":"product-type-variable"},"_links":{"self":[{"href":"https:\/\/trgovina.geocacher.si\/en\/wp-json\/wp\/v2\/product\/3992","targetHints":{"allow":["GET"]}}],"collection":[{"href":"https:\/\/trgovina.geocacher.si\/en\/wp-json\/wp\/v2\/product"}],"about":[{"href":"https:\/\/trgovina.geocacher.si\/en\/wp-json\/wp\/v2\/types\/product"}],"wp:featuredmedia":[{"embeddable":true,"href":"https:\/\/trgovina.geocacher.si\/en\/wp-json\/wp\/v2\/media\/3997"}],"wp:attachment":[{"href":"https:\/\/trgovina.geocacher.si\/en\/wp-json\/wp\/v2\/media?parent=3992"}],"wp:term":[{"taxonomy":"product_brand","embeddable":true,"href":"https:\/\/trgovina.geocacher.si\/en\/wp-json\/wp\/v2\/product_brand?post=3992"},{"taxonomy":"product_cat","embeddable":true,"href":"https:\/\/trgovina.geocacher.si\/en\/wp-json\/wp\/v2\/product_cat?post=3992"},{"taxonomy":"product_tag","embeddable":true,"href":"https:\/\/trgovina.geocacher.si\/en\/wp-json\/wp\/v2\/product_tag?post=3992"}],"curies":[{"name":"wp","href":"https:\/\/api.w.org\/{rel}","templated":true}]}}