{"id":4374,"date":"2025-03-29T23:08:16","date_gmt":"2025-03-29T22:08:16","guid":{"rendered":"https:\/\/trgovina.geocacher.si\/?post_type=product&#038;p=4374"},"modified":"2025-12-07T22:28:48","modified_gmt":"2025-12-07T21:28:48","slug":"i-heart-gc-nano-geokovanec-obesek","status":"publish","type":"product","link":"https:\/\/trgovina.geocacher.si\/en\/product\/i-heart-gc-nano-geokovanec-obesek\/","title":{"rendered":"I \u2764\ufe0f GC nano geokovanec \/ obesek za zadrgo"},"content":{"rendered":"<p>Kjer je geogarderoba, so tudi modni dodatki! Tale geokovan\u010dek je kot nala\u0161\u010d, da ga s prilo\u017eeno karabinsko zaponko obesite na vle\u010dek zadrge. Sicer je dovolj majhen, da ga je mogo\u010de odlo\u017eiti v kak\u0161en mikro zaklad (\u010de ga po\u0161ljete po svetu). Z zaponko ga lahko pripnete na zadrgo jopice ali geonahrbtnika, veri\u017eico, zapestnico, uhan ali kak podoben kos geoopreme ali geonakita. In z njim bele\u017eite svojo pot od zaklada do zaklada.<\/p>","protected":false},"excerpt":{"rendered":"<p>Kjer je geogarderoba, so tudi modni dodatki! Tale geokovan\u010dek je kot nala\u0161\u010d, da ga s prilo\u017eeno karabinsko zaponko pripnete na zadrgo jopice ali geonahrbtnika, veri\u017eico, zapestnico, uhan ali kak podoben kos geoopreme ali geonakita. In z njim bele\u017eite svojo pot od zaklada do zaklada.<\/p>","protected":false},"featured_media":4375,"template":"","meta":[],"product_brand":[],"product_cat":[32,30,31],"product_tag":[],"class_list":{"0":"post-4374","1":"product","2":"type-product","3":"status-publish","4":"has-post-thumbnail","6":"product_cat-geokovanci","7":"product_cat-oblacila","8":"product_cat-sledljivcki","10":"first","11":"outofstock","12":"shipping-taxable","13":"purchasable","14":"product-type-simple"},"_links":{"self":[{"href":"https:\/\/trgovina.geocacher.si\/en\/wp-json\/wp\/v2\/product\/4374","targetHints":{"allow":["GET"]}}],"collection":[{"href":"https:\/\/trgovina.geocacher.si\/en\/wp-json\/wp\/v2\/product"}],"about":[{"href":"https:\/\/trgovina.geocacher.si\/en\/wp-json\/wp\/v2\/types\/product"}],"wp:featuredmedia":[{"embeddable":true,"href":"https:\/\/trgovina.geocacher.si\/en\/wp-json\/wp\/v2\/media\/4375"}],"wp:attachment":[{"href":"https:\/\/trgovina.geocacher.si\/en\/wp-json\/wp\/v2\/media?parent=4374"}],"wp:term":[{"taxonomy":"product_brand","embeddable":true,"href":"https:\/\/trgovina.geocacher.si\/en\/wp-json\/wp\/v2\/product_brand?post=4374"},{"taxonomy":"product_cat","embeddable":true,"href":"https:\/\/trgovina.geocacher.si\/en\/wp-json\/wp\/v2\/product_cat?post=4374"},{"taxonomy":"product_tag","embeddable":true,"href":"https:\/\/trgovina.geocacher.si\/en\/wp-json\/wp\/v2\/product_tag?post=4374"}],"curies":[{"name":"wp","href":"https:\/\/api.w.org\/{rel}","templated":true}]}}