{"id":4432,"date":"2025-05-10T07:40:42","date_gmt":"2025-05-10T05:40:42","guid":{"rendered":"https:\/\/trgovina.geocacher.si\/?post_type=product&#038;p=4432"},"modified":"2025-12-09T19:05:59","modified_gmt":"2025-12-09T18:05:59","slug":"lackey-geokovanec-2025-komplet","status":"publish","type":"product","link":"https:\/\/trgovina.geocacher.si\/en\/product\/lackey-geokovanec-2025-komplet\/","title":{"rendered":"Geocaching HQ 2025 Lackey geocoin and tag set"},"content":{"rendered":"<p>Lackey oziroma lakaj je vzdevek zaposlenih na sede\u017eu igre Geocaching (Geocaching HQ). \u010ceprav ima v sloven\u0161\u010dini nekoliko druga\u010den prizvok, se je v prvem desetletju igre pojavil kot \u0161aljiv opis za ljudi, ki v ozadju skrbijo za spleti\u0161\u010de geocaching.com in potek igre nasploh. In se obdr\u017eal. Lakaji imajo na geolovskem spleti\u0161\u010du poseben status (Lackey, kajpak) in zna\u010dilno pikselirano ikono.<\/p>\n<p>Ikone vseh lakajev so zbrane na posebnem geokovancu, ki je od leta 2009 <a href=\"https:\/\/www.geocacher.si\/lakajski-lackey-geokovanci\/\" target=\"_blank\" rel=\"noopener\">vsakoletna tradicija<\/a>. Tudi leto\u0161nje jubilejno leto ni izjema. Na zajetnem kovancu, ki poudarja pustolovski zna\u010daj in \u010detrt stoletja igre, so zbrane ikone vseh lakajev, ki so bili aktivni v za\u010detku leta 2025. Sprednja in zadnja stran sta povezani s te\u010dajem, ki se razpre kot diptih in razkrije ve\u010d kot 80 ikon z imeni njihovih lastnikov. Kovanec meri pribli\u017eno 6,7 cm v \u0161irino in 7 cm v vi\u0161ino, ko je razprt pa ve\u010d kot 13 cm. V kompletu je tudi sledljiva plo\u0161\u010dica z enakim motivom, ki meri pribli\u017eno 4,1 x 5 cm.<\/p>\n<p>Prva izdaja spomladi je bila pri dobavitelju razgrabljena v tednu dni, konec leta pa je na voljo <strong>druga izdaja v omejeni koli\u010dini<\/strong> in z druga\u010dno zaklju\u010dno obdelavo (anti\u010dni baker).\u00a0Na voljo je <strong>po posebni prazni\u010dni ceni 29,90 EUR<\/strong>. Naro\u010dite <strong>\u010dim prej ali najkasneje do 9. decembra<\/strong>. <strong>Dobava pred za\u010detkom praznikov<\/strong>.<\/p>","protected":false},"excerpt":{"rendered":"<p>Lackey oziroma lakaj je vzdevek zaposlenih na sede\u017eu igre Geocaching (Geocaching HQ). Ikone vseh lakajev so zbrane na posebnem geokovancu, ki je od leta 2009 vsakoletna tradicija. Tudi leto\u0161nje jubilejno leto ni izjema. Na zajetnem kovancu, ki poudarja pustolovski zna\u010daj in \u010detrt stoletja igre, so zbrane ikone vseh lakajev, ki so bili aktivni v za\u010detku leta 2025. Prva izdaja spomladi je bila pri dobavitelju razgrabljena v tednu dni, konec leta pa je na voljo <strong>druga izdaja v omejeni koli\u010dini<\/strong> in z druga\u010dno zaklju\u010dno obdelavo (anti\u010dni baker).\u00a0Na voljo je <strong>po posebni prazni\u010dni ceni 29,90 EUR<\/strong>. Naro\u010dite <strong>\u010dim prej ali najkasneje do 9. decembra<\/strong>. <strong>Dobava pred za\u010detkom praznikov<\/strong>.<\/p>","protected":false},"featured_media":4435,"template":"","meta":[],"product_brand":[],"product_cat":[145,66,32,142],"product_tag":[246],"class_list":{"0":"post-4432","1":"product","2":"type-product","3":"status-publish","4":"has-post-thumbnail","6":"product_cat-geobozicek2025","7":"product_cat-geocaching","8":"product_cat-geokovanci","9":"product_cat-prednarocilo","10":"product_tag-bozicni-geomarket-2025","12":"first","13":"outofstock","14":"sale","15":"shipping-taxable","16":"purchasable","17":"product-type-simple"},"_links":{"self":[{"href":"https:\/\/trgovina.geocacher.si\/en\/wp-json\/wp\/v2\/product\/4432","targetHints":{"allow":["GET"]}}],"collection":[{"href":"https:\/\/trgovina.geocacher.si\/en\/wp-json\/wp\/v2\/product"}],"about":[{"href":"https:\/\/trgovina.geocacher.si\/en\/wp-json\/wp\/v2\/types\/product"}],"wp:featuredmedia":[{"embeddable":true,"href":"https:\/\/trgovina.geocacher.si\/en\/wp-json\/wp\/v2\/media\/4435"}],"wp:attachment":[{"href":"https:\/\/trgovina.geocacher.si\/en\/wp-json\/wp\/v2\/media?parent=4432"}],"wp:term":[{"taxonomy":"product_brand","embeddable":true,"href":"https:\/\/trgovina.geocacher.si\/en\/wp-json\/wp\/v2\/product_brand?post=4432"},{"taxonomy":"product_cat","embeddable":true,"href":"https:\/\/trgovina.geocacher.si\/en\/wp-json\/wp\/v2\/product_cat?post=4432"},{"taxonomy":"product_tag","embeddable":true,"href":"https:\/\/trgovina.geocacher.si\/en\/wp-json\/wp\/v2\/product_tag?post=4432"}],"curies":[{"name":"wp","href":"https:\/\/api.w.org\/{rel}","templated":true}]}}