{"id":4550,"date":"2025-06-05T22:08:05","date_gmt":"2025-06-05T20:08:05","guid":{"rendered":"https:\/\/trgovina.geocacher.si\/?post_type=product&#038;p=4550"},"modified":"2025-12-06T06:53:37","modified_gmt":"2025-12-06T05:53:37","slug":"kamnik-2025-retro-emajl-loncek","status":"publish","type":"product","link":"https:\/\/trgovina.geocacher.si\/en\/product\/kamnik-2025-retro-emajl-loncek\/","title":{"rendered":"Kamnik 2025 retro enamel mug"},"content":{"rendered":"<p>Classic metal enamel mug, just like we remember it from the pre-geocaching days. Unlike ceramic mug, this one won't break if it slips from your hands when you're trembling with excitement after a new cache notification! With a 350 ml capacity, it's perfect for your beverage of choice. You'll need a shelf space of 7.8 cm in diameter and 9 cm high for it. Clinical studies confirm that drinking coffee from this mug improves your performance in solving D5 puzzles. In fact, your reaction time will improve so much that you'll be ready for the FTF hunt 17 seconds faster. The familiar event logo is printed on one side, and the Block Parties 2025 logo on the other.<\/p>","protected":false},"excerpt":{"rendered":"<p>Kovinski emajliran lon\u010dek, kakr\u0161nega se spomnimo iz predgeolovskih \u010dasov. Vanj lahko nato\u010dite 350 ml napitka po lastni izbiri. Na eni strani sta natisnjena prepoznavna kamni\u0161ka motiva, na drugi pa logotip leto\u0161njih Block Party dogodkov. Pravijo, da geokava ali geo\u010daj iz tega lon\u010dka posebej pogrejeta!<\/p>","protected":false},"featured_media":5027,"template":"","meta":[],"product_brand":[],"product_cat":[144,145,242,207],"product_tag":[246],"class_list":{"0":"post-4550","1":"product","2":"type-product","3":"status-publish","4":"has-post-thumbnail","6":"product_cat-darila","7":"product_cat-geobozicek2025","8":"product_cat-kamnik2025","9":"product_cat-slovenski-geolovski-spominki","10":"product_tag-bozicni-geomarket-2025","12":"first","13":"instock","14":"sale","15":"shipping-taxable","16":"purchasable","17":"product-type-simple"},"_links":{"self":[{"href":"https:\/\/trgovina.geocacher.si\/en\/wp-json\/wp\/v2\/product\/4550","targetHints":{"allow":["GET"]}}],"collection":[{"href":"https:\/\/trgovina.geocacher.si\/en\/wp-json\/wp\/v2\/product"}],"about":[{"href":"https:\/\/trgovina.geocacher.si\/en\/wp-json\/wp\/v2\/types\/product"}],"wp:featuredmedia":[{"embeddable":true,"href":"https:\/\/trgovina.geocacher.si\/en\/wp-json\/wp\/v2\/media\/5027"}],"wp:attachment":[{"href":"https:\/\/trgovina.geocacher.si\/en\/wp-json\/wp\/v2\/media?parent=4550"}],"wp:term":[{"taxonomy":"product_brand","embeddable":true,"href":"https:\/\/trgovina.geocacher.si\/en\/wp-json\/wp\/v2\/product_brand?post=4550"},{"taxonomy":"product_cat","embeddable":true,"href":"https:\/\/trgovina.geocacher.si\/en\/wp-json\/wp\/v2\/product_cat?post=4550"},{"taxonomy":"product_tag","embeddable":true,"href":"https:\/\/trgovina.geocacher.si\/en\/wp-json\/wp\/v2\/product_tag?post=4550"}],"curies":[{"name":"wp","href":"https:\/\/api.w.org\/{rel}","templated":true}]}}