{"id":4823,"date":"2025-09-27T22:52:36","date_gmt":"2025-09-27T20:52:36","guid":{"rendered":"https:\/\/trgovina.geocacher.si\/?post_type=product&#038;p=4823"},"modified":"2025-12-09T19:15:34","modified_gmt":"2025-12-09T18:15:34","slug":"geokovanec-septembrsko-enakonocje-2025","status":"publish","type":"product","link":"https:\/\/trgovina.geocacher.si\/en\/product\/geokovanec-septembrsko-enakonocje-2025\/","title":{"rendered":"Geokovanec Jesensko enakono\u010dje 2025"},"content":{"rendered":"<p>Na na\u0161i polobli septembrsko enakono\u010dje pomeni koledarski za\u010detek jeseni. Zato je ta v secesijskem slogu oblikovan geokovanec v jesenskih barvah in z jesenskima motivoma na sprednji in zadnji strani.\u00a0Lepotec meri pribli\u017eno 4,5 \u00d7 5,7 cm, na zalogi je samo \u0161e en kos.<\/p>\n<p>Na voljo so tudi preostali trije iz kompleta Letni \u010dasi 2025!<\/p>","protected":false},"excerpt":{"rendered":"<p>Na na\u0161i polobli septembrsko enakono\u010dje pomeni koledarski za\u010detek jeseni. Zato je tudi ta v secesijskem slogu oblikovan geokovanec v jesenskih barvah in z jesenskima motivoma na sprednji in zadnji strani.<\/p>","protected":false},"featured_media":4825,"template":"","meta":[],"product_brand":[],"product_cat":[145,32,31],"product_tag":[246,245],"class_list":{"0":"post-4823","1":"product","2":"type-product","3":"status-publish","4":"has-post-thumbnail","6":"product_cat-geobozicek2025","7":"product_cat-geokovanci","8":"product_cat-sledljivcki","9":"product_tag-bozicni-geomarket-2025","10":"product_tag-letni-casi-2025","12":"first","13":"instock","14":"shipping-taxable","15":"purchasable","16":"product-type-simple"},"_links":{"self":[{"href":"https:\/\/trgovina.geocacher.si\/en\/wp-json\/wp\/v2\/product\/4823","targetHints":{"allow":["GET"]}}],"collection":[{"href":"https:\/\/trgovina.geocacher.si\/en\/wp-json\/wp\/v2\/product"}],"about":[{"href":"https:\/\/trgovina.geocacher.si\/en\/wp-json\/wp\/v2\/types\/product"}],"wp:featuredmedia":[{"embeddable":true,"href":"https:\/\/trgovina.geocacher.si\/en\/wp-json\/wp\/v2\/media\/4825"}],"wp:attachment":[{"href":"https:\/\/trgovina.geocacher.si\/en\/wp-json\/wp\/v2\/media?parent=4823"}],"wp:term":[{"taxonomy":"product_brand","embeddable":true,"href":"https:\/\/trgovina.geocacher.si\/en\/wp-json\/wp\/v2\/product_brand?post=4823"},{"taxonomy":"product_cat","embeddable":true,"href":"https:\/\/trgovina.geocacher.si\/en\/wp-json\/wp\/v2\/product_cat?post=4823"},{"taxonomy":"product_tag","embeddable":true,"href":"https:\/\/trgovina.geocacher.si\/en\/wp-json\/wp\/v2\/product_tag?post=4823"}],"curies":[{"name":"wp","href":"https:\/\/api.w.org\/{rel}","templated":true}]}}