{"id":4856,"date":"2026-02-10T08:04:03","date_gmt":"2026-02-10T07:04:03","guid":{"rendered":"https:\/\/trgovina.geocacher.si\/?post_type=product&#038;p=4856"},"modified":"2026-03-03T21:57:50","modified_gmt":"2026-03-03T20:57:50","slug":"halloween-signal","status":"publish","type":"product","link":"https:\/\/trgovina.geocacher.si\/en\/product\/halloween-signal\/","title":{"rendered":"Geokovanec Ljubezen je v zraku"},"content":{"rendered":"<p>I\u0161\u010dete geodarilo za Valentinovo ali Gregorjevo? Geolovko ali geolovca svojega srca lahko o\u010darate s tem prilo\u017enosti primernim geokovancem v obliki srca. Geokovanec \u00bbLav iz Indije\u00ab (kar poglejte na <a href=\"https:\/\/youtu.be\/FcZ46Q4u6Wk?si=vd17UVdMpMUOjkqi\" target=\"_blank\" rel=\"noopener\">YouTube<\/a> \ud83d\ude02), na katerem ne majka ro\u017eic, pti\u010dkov in sr\u010dkov, pa \u0161e kak \ud83d\udc8b se najde, ima zaklju\u010dno obdelavo v barvi staranega srebra (Antique silver) in meri pribli\u017eno 5 x 5 cm. <strong>Zaloga pri dobavitelju kopni (bronasta razli\u010dica je \u017ee razprodana), zato pohitite z naro\u010dilom.<\/strong> Dobava v drugi polovici marca.<\/p>","protected":false},"excerpt":{"rendered":"<p>I\u0161\u010dete geodarilo za Valentinovo ali Gregorjevo? Geolovko ali geolovca svojega srca lahko o\u010darate s tem prilo\u017enosti primernim geokovancem v obliki srca. Kovanec z zaklju\u010dno obdelavo v barvi staranega srebra, na katerem ne majka ro\u017eic, pti\u010dkov in sr\u010dkov, pa \u0161e kak \ud83d\udc8b se najde, je na voljo po naro\u010dilu. <strong>Zaloga pri dobavitelju kopni (bronasta razli\u010dica je \u017ee razprodana), zato pohitite z naro\u010dilom. <\/strong>Dobava v drugi polovici marca.<\/p>","protected":false},"featured_media":5060,"template":"","meta":[],"product_brand":[],"product_cat":[32,142,31],"product_tag":[],"class_list":{"0":"post-4856","1":"product","2":"type-product","3":"status-publish","4":"has-post-thumbnail","6":"product_cat-geokovanci","7":"product_cat-prednarocilo","8":"product_cat-sledljivcki","10":"first","11":"outofstock","12":"shipping-taxable","13":"purchasable","14":"product-type-simple"},"_links":{"self":[{"href":"https:\/\/trgovina.geocacher.si\/en\/wp-json\/wp\/v2\/product\/4856","targetHints":{"allow":["GET"]}}],"collection":[{"href":"https:\/\/trgovina.geocacher.si\/en\/wp-json\/wp\/v2\/product"}],"about":[{"href":"https:\/\/trgovina.geocacher.si\/en\/wp-json\/wp\/v2\/types\/product"}],"wp:featuredmedia":[{"embeddable":true,"href":"https:\/\/trgovina.geocacher.si\/en\/wp-json\/wp\/v2\/media\/5060"}],"wp:attachment":[{"href":"https:\/\/trgovina.geocacher.si\/en\/wp-json\/wp\/v2\/media?parent=4856"}],"wp:term":[{"taxonomy":"product_brand","embeddable":true,"href":"https:\/\/trgovina.geocacher.si\/en\/wp-json\/wp\/v2\/product_brand?post=4856"},{"taxonomy":"product_cat","embeddable":true,"href":"https:\/\/trgovina.geocacher.si\/en\/wp-json\/wp\/v2\/product_cat?post=4856"},{"taxonomy":"product_tag","embeddable":true,"href":"https:\/\/trgovina.geocacher.si\/en\/wp-json\/wp\/v2\/product_tag?post=4856"}],"curies":[{"name":"wp","href":"https:\/\/api.w.org\/{rel}","templated":true}]}}