{"id":4859,"date":"2025-10-21T19:31:41","date_gmt":"2025-10-21T17:31:41","guid":{"rendered":"https:\/\/trgovina.geocacher.si\/?post_type=product&#038;p=4859"},"modified":"2026-01-08T20:52:13","modified_gmt":"2026-01-08T19:52:13","slug":"sledljivi-panda","status":"publish","type":"product","link":"https:\/\/trgovina.geocacher.si\/en\/product\/sledljivi-panda\/","title":{"rendered":"Sledljivi panda"},"content":{"rendered":"<p>Se vam zdi sledljivi panda skoraj preve\u010d ljubek, da bi ga poslali po svetu? Imamo preprosto re\u0161itev: naro\u010dite dva! Eden bo potoval po svetu in meh\u010dal srca najditeljev, ki ga bodo zagledali v zakladu, drugi pa lahko potuje z vami in bele\u017ei pot od zaklada do zaklada. Pravzaprav naro\u010dite tri in enega podarite geolovki oziroma geolovcu svojega srca. Oziroma raje \u0161tiri, ker ga tudi obdarjenka ali obdarjenec ne bosta zlahka dala iz rok. Ne glede na to, koliko jih boste naro\u010dili, bodo <strong>na voljo za dobavo od za\u010detka novembra naprej<\/strong>. Ker so tako ljubki, jih bomo imeli nekaj tudi na zalogi. Pri velikosti 4,4 x 5 cm najbr\u017e ne bodo pojedli prav veliko babmusa.<\/p>","protected":false},"excerpt":{"rendered":"<p>Sledljivi panda, ki je skoraj preve\u010d ljubek, da bi ga poslali po svetu. Kaj pa \u010de bi naro\u010dili kar dva? <strong>Na voljo za dobavo od za\u010detka novembra naprej.\u00a0<\/strong><\/p>","protected":false},"featured_media":4860,"template":"","meta":[],"product_brand":[],"product_cat":[67,31],"product_tag":[],"class_list":{"0":"post-4859","1":"product","2":"type-product","3":"status-publish","4":"has-post-thumbnail","6":"product_cat-ploscice-travel-tag","7":"product_cat-sledljivcki","9":"first","10":"instock","11":"shipping-taxable","12":"purchasable","13":"product-type-simple"},"_links":{"self":[{"href":"https:\/\/trgovina.geocacher.si\/en\/wp-json\/wp\/v2\/product\/4859","targetHints":{"allow":["GET"]}}],"collection":[{"href":"https:\/\/trgovina.geocacher.si\/en\/wp-json\/wp\/v2\/product"}],"about":[{"href":"https:\/\/trgovina.geocacher.si\/en\/wp-json\/wp\/v2\/types\/product"}],"wp:featuredmedia":[{"embeddable":true,"href":"https:\/\/trgovina.geocacher.si\/en\/wp-json\/wp\/v2\/media\/4860"}],"wp:attachment":[{"href":"https:\/\/trgovina.geocacher.si\/en\/wp-json\/wp\/v2\/media?parent=4859"}],"wp:term":[{"taxonomy":"product_brand","embeddable":true,"href":"https:\/\/trgovina.geocacher.si\/en\/wp-json\/wp\/v2\/product_brand?post=4859"},{"taxonomy":"product_cat","embeddable":true,"href":"https:\/\/trgovina.geocacher.si\/en\/wp-json\/wp\/v2\/product_cat?post=4859"},{"taxonomy":"product_tag","embeddable":true,"href":"https:\/\/trgovina.geocacher.si\/en\/wp-json\/wp\/v2\/product_tag?post=4859"}],"curies":[{"name":"wp","href":"https:\/\/api.w.org\/{rel}","templated":true}]}}