{"id":4867,"date":"2025-10-22T10:20:08","date_gmt":"2025-10-22T08:20:08","guid":{"rendered":"https:\/\/trgovina.geocacher.si\/?post_type=product&#038;p=4867"},"modified":"2026-04-25T19:56:41","modified_gmt":"2026-04-25T17:56:41","slug":"psicek-tracker","status":"publish","type":"product","link":"https:\/\/trgovina.geocacher.si\/en\/product\/psicek-tracker\/","title":{"rendered":"Psi\u010dek Tracker"},"content":{"rendered":"<p>Kaj bi geolovec brez geopsa. Namesto pravega kosmatinca vam lahko dru\u017ebo na poti od zaklada dela tale sledljivi psi\u010dek Tracker, sicer Signalov najbolj\u0161i prijatelj. Ne pu\u0161\u010da dlake, ne laja, ne bo vas budil ob nerazumni uri, da ga peljete ven. Tudi \u010de ga po\u0161ljete na potep, ne bo potepuh, saj boste s sledilno kodo vedno vedeli, v katerem zakladu se nahaja. Z merami 3,8 x 4,4 cm spada med najmanj\u0161e pse in sledljiv\u010dke obi\u010dajne velikosti.<\/p>","protected":false},"excerpt":{"rendered":"<p>Kaj bi geolovec brez geopsa. Namesto pravega kosmatinca vam lahko dru\u017ebo na poti od zaklada dela tale sledljivi psi\u010dek Tracker, sicer Signalov najbolj\u0161i prijatelj.<\/p>","protected":false},"featured_media":4868,"template":"","meta":[],"product_brand":[],"product_cat":[66,67,31],"product_tag":[],"class_list":{"0":"post-4867","1":"product","2":"type-product","3":"status-publish","4":"has-post-thumbnail","6":"product_cat-geocaching","7":"product_cat-ploscice-travel-tag","8":"product_cat-sledljivcki","10":"first","11":"instock","12":"shipping-taxable","13":"purchasable","14":"product-type-simple"},"_links":{"self":[{"href":"https:\/\/trgovina.geocacher.si\/en\/wp-json\/wp\/v2\/product\/4867","targetHints":{"allow":["GET"]}}],"collection":[{"href":"https:\/\/trgovina.geocacher.si\/en\/wp-json\/wp\/v2\/product"}],"about":[{"href":"https:\/\/trgovina.geocacher.si\/en\/wp-json\/wp\/v2\/types\/product"}],"wp:featuredmedia":[{"embeddable":true,"href":"https:\/\/trgovina.geocacher.si\/en\/wp-json\/wp\/v2\/media\/4868"}],"wp:attachment":[{"href":"https:\/\/trgovina.geocacher.si\/en\/wp-json\/wp\/v2\/media?parent=4867"}],"wp:term":[{"taxonomy":"product_brand","embeddable":true,"href":"https:\/\/trgovina.geocacher.si\/en\/wp-json\/wp\/v2\/product_brand?post=4867"},{"taxonomy":"product_cat","embeddable":true,"href":"https:\/\/trgovina.geocacher.si\/en\/wp-json\/wp\/v2\/product_cat?post=4867"},{"taxonomy":"product_tag","embeddable":true,"href":"https:\/\/trgovina.geocacher.si\/en\/wp-json\/wp\/v2\/product_tag?post=4867"}],"curies":[{"name":"wp","href":"https:\/\/api.w.org\/{rel}","templated":true}]}}