{"id":4877,"date":"2025-10-27T06:28:34","date_gmt":"2025-10-27T05:28:34","guid":{"rendered":"https:\/\/trgovina.geocacher.si\/?post_type=product&#038;p=4877"},"modified":"2026-05-07T10:00:27","modified_gmt":"2026-05-07T08:00:27","slug":"prazniki-2025-sledljiva-ploscica","status":"publish","type":"product","link":"https:\/\/trgovina.geocacher.si\/en\/product\/prazniki-2025-sledljiva-ploscica\/","title":{"rendered":"Prazniki 2025 sledljiva plo\u0161\u010dica"},"content":{"rendered":"<p><strong>Promocijski sledljiv\u010dek prazni\u010dne sezone 2025<\/strong> je tudi tokrat geolovska variacija znane bo\u017ei\u010dno-novoletno-zimske teme. Vsem znani popotni hro\u0161\u010dek oziroma Travel Bug\u00ae oziroma TB v \u0161tirih barvnih razli\u010dicah: zeleni, modri, oran\u017eni in rumeni. TB bo popestril vsako bo\u017ei\u010dno geodekoracijo in bo na novoletnih sejmih spreminjal vodeni kuhan\u010dek v pravo kuhano vino! Plo\u0161\u010dica je obi\u010dajne velikosti za tovrstne izdelke. Kupiti je ni mogo\u010de, brezpla\u010dno pa dodamo naro\u010dilu po eno za vsakih porabljenih 20 EUR (ne vklju\u010duje nakupa darilne kartice in po\u0161tnine). <strong>Dokler jih \u0161e imamo na zalogi. <\/strong>Potrudili se bomo, da bodo TB-ji, \u010de si jih boste prislu\u017eili ve\u010d, razli\u010dnih barv. <strong>Ob enkratnem nakupu vsaj 80 EUR prilo\u017eimo vse \u0161tiri barvne razli\u010dice<\/strong> (dokler bodo na voljo popolni kompleti).<\/p>","protected":false},"excerpt":{"rendered":"<p>Promocijski sledljiv\u010dek prazni\u010dne sezone 2025. Brezpla\u010dno dodamo naro\u010dilu po enega za vsakih porabljenih 20 EUR (ne vklju\u010duje nakupa darilne kartice in po\u0161tnine). Dokler jih \u0161e imamo, seveda. <strong>Na voljo jih je \u0161e dovolj.<\/strong><\/p>","protected":false},"featured_media":4885,"template":"","meta":[],"product_brand":[],"product_cat":[67,31],"product_tag":[246],"class_list":{"0":"post-4877","1":"product","2":"type-product","3":"status-publish","4":"has-post-thumbnail","6":"product_cat-ploscice-travel-tag","7":"product_cat-sledljivcki","8":"product_tag-bozicni-geomarket-2025","10":"first","11":"instock","12":"shipping-taxable","13":"product-type-variable"},"_links":{"self":[{"href":"https:\/\/trgovina.geocacher.si\/en\/wp-json\/wp\/v2\/product\/4877","targetHints":{"allow":["GET"]}}],"collection":[{"href":"https:\/\/trgovina.geocacher.si\/en\/wp-json\/wp\/v2\/product"}],"about":[{"href":"https:\/\/trgovina.geocacher.si\/en\/wp-json\/wp\/v2\/types\/product"}],"wp:featuredmedia":[{"embeddable":true,"href":"https:\/\/trgovina.geocacher.si\/en\/wp-json\/wp\/v2\/media\/4885"}],"wp:attachment":[{"href":"https:\/\/trgovina.geocacher.si\/en\/wp-json\/wp\/v2\/media?parent=4877"}],"wp:term":[{"taxonomy":"product_brand","embeddable":true,"href":"https:\/\/trgovina.geocacher.si\/en\/wp-json\/wp\/v2\/product_brand?post=4877"},{"taxonomy":"product_cat","embeddable":true,"href":"https:\/\/trgovina.geocacher.si\/en\/wp-json\/wp\/v2\/product_cat?post=4877"},{"taxonomy":"product_tag","embeddable":true,"href":"https:\/\/trgovina.geocacher.si\/en\/wp-json\/wp\/v2\/product_tag?post=4877"}],"curies":[{"name":"wp","href":"https:\/\/api.w.org\/{rel}","templated":true}]}}