{"id":4918,"date":"2025-11-09T12:29:07","date_gmt":"2025-11-09T11:29:07","guid":{"rendered":"https:\/\/trgovina.geocacher.si\/?post_type=product&#038;p=4918"},"modified":"2026-03-14T12:06:05","modified_gmt":"2026-03-14T11:06:05","slug":"komplet-zvecilka","status":"publish","type":"product","link":"https:\/\/trgovina.geocacher.si\/en\/product\/komplet-zvecilka\/","title":{"rendered":"Komplet \u017eve\u010dilka"},"content":{"rendered":"<p>Ste \u017ee naveli\u010dani dnevni\u0161kih zapisov v slogu \u00bbHitra najdba, HZZ\u00ab in bi postavili zaklad, ki bo malo ve\u010dji izziv? Potem je tale pre\u017eve\u010dena \u017eve\u010dilka kot nala\u0161\u010d za vas. Novinci bodo zmedeni strmeli v navigacijsko napravo, si pulili lase in morda od\u0161li brez najdbe. Celo izku\u0161eni FTF-lovci bi utegnili razmi\u0161ljati, ali naj se dotaknejo te svinjarije ali ne. V resnici seveda ni svinjarija, ampak zelo prepri\u010dljiva kamufla\u017ea iz silikona, ki v sebi skriva vsebnik z magnetom za pritrditev in dnevnikom. V kompletu so:<\/p>\n<ul>\n<li>zunanja kamufla\u017ea v obliki pre\u017eve\u010dene \u017eve\u010dilke,<\/li>\n<li>vodoodporen vpisni listi\u010d (+ dva rezervna),<\/li>\n<li>magnet za pritrditev.<\/li>\n<\/ul>\n<p>Postavljanje na lastno odgovornost. Slovenski Geocaching klub ne odgovarja za slabo voljo neuspe\u0161nih najditeljev in morebitno verbalno in fizi\u010dno nasilje nad lastnikom zaklada.<\/p>\n<p>&nbsp;<\/p>","protected":false},"excerpt":{"rendered":"<p>Se \u017eelite iz\u017eivljati nad kolegi geolovci, \u0161e posebej geolovskimi novinci? Potem je ta svinjarija kot nala\u0161\u010d za vas. V resnici seveda ni svinjarija, ampak zelo prepri\u010dljiva kamufla\u017ea iz silikona, ki v sebi skriva vsebnik z magnetom za pritrditev in dnevnikom. Pripravljena, da jo takoj odnesete na teren. <strong>Dobava v zadnjem tednu novembra.<\/strong><\/p>","protected":false},"featured_media":4919,"template":"","meta":[],"product_brand":[],"product_cat":[115,114],"product_tag":[],"class_list":{"0":"post-4918","1":"product","2":"type-product","3":"status-publish","4":"has-post-thumbnail","6":"product_cat-kompleti","7":"product_cat-postavljanje-zakladov","9":"first","10":"instock","11":"shipping-taxable","12":"purchasable","13":"product-type-simple"},"_links":{"self":[{"href":"https:\/\/trgovina.geocacher.si\/en\/wp-json\/wp\/v2\/product\/4918","targetHints":{"allow":["GET"]}}],"collection":[{"href":"https:\/\/trgovina.geocacher.si\/en\/wp-json\/wp\/v2\/product"}],"about":[{"href":"https:\/\/trgovina.geocacher.si\/en\/wp-json\/wp\/v2\/types\/product"}],"wp:featuredmedia":[{"embeddable":true,"href":"https:\/\/trgovina.geocacher.si\/en\/wp-json\/wp\/v2\/media\/4919"}],"wp:attachment":[{"href":"https:\/\/trgovina.geocacher.si\/en\/wp-json\/wp\/v2\/media?parent=4918"}],"wp:term":[{"taxonomy":"product_brand","embeddable":true,"href":"https:\/\/trgovina.geocacher.si\/en\/wp-json\/wp\/v2\/product_brand?post=4918"},{"taxonomy":"product_cat","embeddable":true,"href":"https:\/\/trgovina.geocacher.si\/en\/wp-json\/wp\/v2\/product_cat?post=4918"},{"taxonomy":"product_tag","embeddable":true,"href":"https:\/\/trgovina.geocacher.si\/en\/wp-json\/wp\/v2\/product_tag?post=4918"}],"curies":[{"name":"wp","href":"https:\/\/api.w.org\/{rel}","templated":true}]}}