{"id":4951,"date":"2025-11-16T11:09:04","date_gmt":"2025-11-16T10:09:04","guid":{"rendered":"https:\/\/trgovina.geocacher.si\/?post_type=product&#038;p=4951"},"modified":"2025-12-09T19:14:15","modified_gmt":"2025-12-09T18:14:15","slug":"geokovanec-zimski-solsticij-2025","status":"publish","type":"product","link":"https:\/\/trgovina.geocacher.si\/en\/product\/geokovanec-zimski-solsticij-2025\/","title":{"rendered":"Geokovanec Zimski solsticij 2025"},"content":{"rendered":"<p>Na na\u0161i polobli decembrski solsticij pomeni koledarski za\u010detek zime. Zato je ta v secesijskem slogu oblikovan geokovanec v zimskih barvah in z zimskima motivoma na sprednji in zadnji strani.\u00a0Lepotec meri pribli\u017eno 4,5 \u00d7 5,7 cm, na zalogi je samo \u0161e en kos.<\/p>\n<p>Na voljo so tudi preostali trije iz kompleta Letni \u010dasi 2025!<\/p>","protected":false},"excerpt":{"rendered":"<p>Na na\u0161i polobli decembrski solsticij pomeni koledarski za\u010detek zime. Zato je ta v secesijskem slogu oblikovan geokovanec v zimskih barvah in z zimskima motivoma na sprednji in zadnji strani.<\/p>","protected":false},"featured_media":4953,"template":"","meta":[],"product_brand":[],"product_cat":[145,32,31],"product_tag":[246,245],"class_list":{"0":"post-4951","1":"product","2":"type-product","3":"status-publish","4":"has-post-thumbnail","6":"product_cat-geobozicek2025","7":"product_cat-geokovanci","8":"product_cat-sledljivcki","9":"product_tag-bozicni-geomarket-2025","10":"product_tag-letni-casi-2025","12":"first","13":"instock","14":"shipping-taxable","15":"purchasable","16":"product-type-simple"},"_links":{"self":[{"href":"https:\/\/trgovina.geocacher.si\/en\/wp-json\/wp\/v2\/product\/4951","targetHints":{"allow":["GET"]}}],"collection":[{"href":"https:\/\/trgovina.geocacher.si\/en\/wp-json\/wp\/v2\/product"}],"about":[{"href":"https:\/\/trgovina.geocacher.si\/en\/wp-json\/wp\/v2\/types\/product"}],"wp:featuredmedia":[{"embeddable":true,"href":"https:\/\/trgovina.geocacher.si\/en\/wp-json\/wp\/v2\/media\/4953"}],"wp:attachment":[{"href":"https:\/\/trgovina.geocacher.si\/en\/wp-json\/wp\/v2\/media?parent=4951"}],"wp:term":[{"taxonomy":"product_brand","embeddable":true,"href":"https:\/\/trgovina.geocacher.si\/en\/wp-json\/wp\/v2\/product_brand?post=4951"},{"taxonomy":"product_cat","embeddable":true,"href":"https:\/\/trgovina.geocacher.si\/en\/wp-json\/wp\/v2\/product_cat?post=4951"},{"taxonomy":"product_tag","embeddable":true,"href":"https:\/\/trgovina.geocacher.si\/en\/wp-json\/wp\/v2\/product_tag?post=4951"}],"curies":[{"name":"wp","href":"https:\/\/api.w.org\/{rel}","templated":true}]}}