{"id":4960,"date":"2025-11-17T07:31:06","date_gmt":"2025-11-17T06:31:06","guid":{"rendered":"https:\/\/trgovina.geocacher.si\/?post_type=product&#038;p=4960"},"modified":"2025-12-21T20:37:31","modified_gmt":"2025-12-21T19:37:31","slug":"okrasek-geokovanec-za-jelko-2025","status":"publish","type":"product","link":"https:\/\/trgovina.geocacher.si\/en\/product\/okrasek-geokovanec-za-jelko-2025\/","title":{"rendered":"Okrasek\/geokovanec za jelko 2025"},"content":{"rendered":"<p>Privo\u0161\u010dite svoji jelki (ali drevesu kake druge vrste manj zlove\u0161\u010dega imena) nekaj geolovskega dekorja. S sledljivim okraskom po\u0161evnica geokovancem, seveda. Na izbiro imate dve razli\u010dici z motivom Signala oziroma njegovega psa Trackerja (ja, v geolovski mitologiji imajo tudi \u017eabe pse; ampak, \u010de ima anteno, ima lahko tudi psa &#8230;). Rde\u010d trakec, s katerim ga boste obesili na najlep\u0161o vejo, je seveda zraven. Pa sledilna koda, vgravirana na zadnji strani. Vse skupaj pride v li\u010dni \u017eametoidni vre\u010dki, kamor ga boste pospravili, ko bo \u0161lo drevesce v organske odpadke.<\/p>\n<p>Okrasek meri pribli\u017eno 7,6 \u00d7 7,0 cm. Tisti, ki so ga naro\u010dili prej\u0161nja leta, vam bodo povedali, da je to kar konkretna zadeva, ne kak\u0161na poceni \u0161tanca.<\/p>","protected":false},"excerpt":{"rendered":"<p>Sledljiv okrasek za jelko (ali kako drevo manj zlove\u0161\u010dega imena), letos v srebrni razli\u010dici s Signalom. Rde\u010d trakec, s katerim ga boste obesili na najlep\u0161o vejo, je seveda zraven.<\/p>","protected":false},"featured_media":4964,"template":"","meta":[],"product_brand":[],"product_cat":[145,32,31],"product_tag":[246],"class_list":{"0":"post-4960","1":"product","2":"type-product","3":"status-publish","4":"has-post-thumbnail","6":"product_cat-geobozicek2025","7":"product_cat-geokovanci","8":"product_cat-sledljivcki","9":"product_tag-bozicni-geomarket-2025","11":"first","12":"outofstock","13":"shipping-taxable","14":"product-type-variable"},"_links":{"self":[{"href":"https:\/\/trgovina.geocacher.si\/en\/wp-json\/wp\/v2\/product\/4960","targetHints":{"allow":["GET"]}}],"collection":[{"href":"https:\/\/trgovina.geocacher.si\/en\/wp-json\/wp\/v2\/product"}],"about":[{"href":"https:\/\/trgovina.geocacher.si\/en\/wp-json\/wp\/v2\/types\/product"}],"wp:featuredmedia":[{"embeddable":true,"href":"https:\/\/trgovina.geocacher.si\/en\/wp-json\/wp\/v2\/media\/4964"}],"wp:attachment":[{"href":"https:\/\/trgovina.geocacher.si\/en\/wp-json\/wp\/v2\/media?parent=4960"}],"wp:term":[{"taxonomy":"product_brand","embeddable":true,"href":"https:\/\/trgovina.geocacher.si\/en\/wp-json\/wp\/v2\/product_brand?post=4960"},{"taxonomy":"product_cat","embeddable":true,"href":"https:\/\/trgovina.geocacher.si\/en\/wp-json\/wp\/v2\/product_cat?post=4960"},{"taxonomy":"product_tag","embeddable":true,"href":"https:\/\/trgovina.geocacher.si\/en\/wp-json\/wp\/v2\/product_tag?post=4960"}],"curies":[{"name":"wp","href":"https:\/\/api.w.org\/{rel}","templated":true}]}}